{"id":12484,"date":"2024-12-30T15:32:11","date_gmt":"2024-12-30T15:32:11","guid":{"rendered":"https:\/\/activatic.es\/classes-didiomes\/"},"modified":"2025-02-13T21:18:06","modified_gmt":"2025-02-13T21:18:06","slug":"classes-didiomes","status":"publish","type":"page","link":"https:\/\/activatic.es\/ca\/classes-didiomes\/","title":{"rendered":"Classes d&#8217;idiomes"},"content":{"rendered":"\t\t<div data-elementor-type=\"wp-page\" data-elementor-id=\"12484\" class=\"elementor elementor-12484 elementor-11865\" data-elementor-post-type=\"page\">\n\t\t\t\t<div class=\"elementor-element elementor-element-97f210b e-flex e-con-boxed e-con e-parent\" data-id=\"97f210b\" data-element_type=\"container\" data-e-type=\"container\" data-settings=\"{&quot;background_background&quot;:&quot;classic&quot;}\">\n\t\t\t\t\t<div class=\"e-con-inner\">\n\t\t<div class=\"elementor-element elementor-element-065d86b e-con-full e-flex e-con e-child\" data-id=\"065d86b\" data-element_type=\"container\" data-e-type=\"container\">\n\t\t\t\t<div class=\"elementor-element elementor-element-3e2f535 elementor-widget__width-inherit elementor-invisible elementor-widget elementor-widget-text-editor\" data-id=\"3e2f535\" data-element_type=\"widget\" data-e-type=\"widget\" data-settings=\"{&quot;_animation&quot;:&quot;fadeInUp&quot;}\" data-widget_type=\"text-editor.default\">\n\t\t\t\t<div class=\"elementor-widget-container\">\n\t\t\t\t\t\t\t\t\t<p class=\"elementor-heading-title elementor-size-default\">CLASSES D&#8217;IDIOMES<\/p>\n\t\t\t\t\t\t\t\t<\/div>\n\t\t\t\t<\/div>\n\t\t\t\t<div class=\"elementor-element elementor-element-ed48cfa elementor-widget__width-inherit elementor-invisible elementor-widget elementor-widget-heading\" data-id=\"ed48cfa\" data-element_type=\"widget\" data-e-type=\"widget\" data-settings=\"{&quot;_animation&quot;:&quot;fadeInUp&quot;,&quot;_animation_delay&quot;:200}\" data-widget_type=\"heading.default\">\n\t\t\t\t<div class=\"elementor-widget-container\">\n\t\t\t\t\t<h2 class=\"elementor-heading-title elementor-size-default\">Com t'ajudem?<\/h2>\t\t\t\t<\/div>\n\t\t\t\t<\/div>\n\t\t\t\t<\/div>\n\t\t<div class=\"elementor-element elementor-element-d5d3abd e-grid e-con-full e-con e-child\" data-id=\"d5d3abd\" data-element_type=\"container\" data-e-type=\"container\" data-settings=\"{&quot;background_background&quot;:&quot;classic&quot;}\">\n\t\t<div class=\"elementor-element elementor-element-6ea188d e-flex e-con-boxed elementor-invisible e-con e-child\" data-id=\"6ea188d\" data-element_type=\"container\" data-e-type=\"container\" data-settings=\"{&quot;background_background&quot;:&quot;classic&quot;,&quot;animation&quot;:&quot;fadeInUp&quot;,&quot;animation_delay&quot;:400}\">\n\t\t\t\t\t<div class=\"e-con-inner\">\n\t\t<div class=\"elementor-element elementor-element-572d7dd e-flex e-con-boxed e-con e-child\" data-id=\"572d7dd\" data-element_type=\"container\" data-e-type=\"container\" data-settings=\"{&quot;background_background&quot;:&quot;classic&quot;}\">\n\t\t\t\t\t<div class=\"e-con-inner\">\n\t\t\t\t\t<\/div>\n\t\t\t\t<\/div>\n\t\t\t\t<div class=\"elementor-element elementor-element-982ca29 elementor-widget__width-inherit elementor-widget elementor-widget-heading\" data-id=\"982ca29\" data-element_type=\"widget\" data-e-type=\"widget\" data-widget_type=\"heading.default\">\n\t\t\t\t<div class=\"elementor-widget-container\">\n\t\t\t\t\t<h3 class=\"elementor-heading-title elementor-size-default\">Classes d'angl\u00e8s per a estudiants<\/h3>\t\t\t\t<\/div>\n\t\t\t\t<\/div>\n\t\t\t\t<div class=\"elementor-element elementor-element-579f3ed elementor-icon-list--layout-inline elementor-widget__width-inherit elementor-list-item-link-full_width elementor-widget elementor-widget-icon-list\" data-id=\"579f3ed\" data-element_type=\"widget\" data-e-type=\"widget\" data-widget_type=\"icon-list.default\">\n\t\t\t\t<div class=\"elementor-widget-container\">\n\t\t\t\t\t\t\t<ul class=\"elementor-icon-list-items elementor-inline-items\">\n\t\t\t\t\t\t\t<li class=\"elementor-icon-list-item elementor-inline-item\">\n\t\t\t\t\t\t\t\t\t\t\t<span class=\"elementor-icon-list-icon\">\n\t\t\t\t\t\t\t<i aria-hidden=\"true\" class=\"icon icon-license\"><\/i>\t\t\t\t\t\t<\/span>\n\t\t\t\t\t\t\t\t\t\t<span class=\"elementor-icon-list-text\">Professorat titulat<\/span>\n\t\t\t\t\t\t\t\t\t<\/li>\n\t\t\t\t\t\t\t\t<li class=\"elementor-icon-list-item elementor-inline-item\">\n\t\t\t\t\t\t\t\t\t\t\t<span class=\"elementor-icon-list-icon\">\n\t\t\t\t\t\t\t<i aria-hidden=\"true\" class=\"icon icon-users\"><\/i>\t\t\t\t\t\t<\/span>\n\t\t\t\t\t\t\t\t\t\t<span class=\"elementor-icon-list-text\">Grup redu\u00eft<\/span>\n\t\t\t\t\t\t\t\t\t<\/li>\n\t\t\t\t\t\t<\/ul>\n\t\t\t\t\t\t<\/div>\n\t\t\t\t<\/div>\n\t\t\t\t<div class=\"elementor-element elementor-element-25288bd elementor-widget elementor-widget-text-editor\" data-id=\"25288bd\" data-element_type=\"widget\" data-e-type=\"widget\" data-widget_type=\"text-editor.default\">\n\t\t\t\t<div class=\"elementor-widget-container\">\n\t\t\t\t\t\t\t\t\t<p>Tenim la nostra pr\u00f2pia visi\u00f3 de l&#8217;angl\u00e8s, de fet pensem que l&#8217;angl\u00e8s s&#8217;apr\u00e8n quan realment es necessita i parlant i equivocant-se mil vegades. Per aix\u00f2 hem dissenyat la nostra metodologia. <\/p>\n\t\t\t\t\t\t\t\t<\/div>\n\t\t\t\t<\/div>\n\t\t\t\t<div class=\"elementor-element elementor-element-c5f8d1c elementor-invisible elementor-widget elementor-widget-button\" data-id=\"c5f8d1c\" data-element_type=\"widget\" data-e-type=\"widget\" data-settings=\"{&quot;_animation_delay&quot;:700,&quot;_animation&quot;:&quot;fadeInUp&quot;}\" data-widget_type=\"button.default\">\n\t\t\t\t<div class=\"elementor-widget-container\">\n\t\t\t\t\t\t\t\t\t<div class=\"elementor-button-wrapper\">\n\t\t\t\t\t<a class=\"elementor-button elementor-button-link elementor-size-sm elementor-animation-float\" href=\"https:\/\/activatic.es\/ca\/angles-per-a-estudiants\/\">\n\t\t\t\t\t\t<span class=\"elementor-button-content-wrapper\">\n\t\t\t\t\t\t<span class=\"elementor-button-icon\">\n\t\t\t\t<i aria-hidden=\"true\" class=\"icon icon-right-arrow\"><\/i>\t\t\t<\/span>\n\t\t\t\t\t\t\t\t\t<span class=\"elementor-button-text\">Veure M\u00e9s<\/span>\n\t\t\t\t\t<\/span>\n\t\t\t\t\t<\/a>\n\t\t\t\t<\/div>\n\t\t\t\t\t\t\t\t<\/div>\n\t\t\t\t<\/div>\n\t\t\t\t\t<\/div>\n\t\t\t\t<\/div>\n\t\t<div class=\"elementor-element elementor-element-c3e417d e-flex e-con-boxed elementor-invisible e-con e-child\" data-id=\"c3e417d\" data-element_type=\"container\" data-e-type=\"container\" data-settings=\"{&quot;background_background&quot;:&quot;classic&quot;,&quot;animation&quot;:&quot;fadeInUp&quot;,&quot;animation_delay&quot;:500}\">\n\t\t\t\t\t<div class=\"e-con-inner\">\n\t\t<div class=\"elementor-element elementor-element-2d7cb60 e-flex e-con-boxed e-con e-child\" data-id=\"2d7cb60\" data-element_type=\"container\" data-e-type=\"container\" data-settings=\"{&quot;background_background&quot;:&quot;classic&quot;}\">\n\t\t\t\t\t<div class=\"e-con-inner\">\n\t\t\t\t\t<\/div>\n\t\t\t\t<\/div>\n\t\t\t\t<div class=\"elementor-element elementor-element-98d139f elementor-widget__width-inherit elementor-widget elementor-widget-heading\" data-id=\"98d139f\" data-element_type=\"widget\" data-e-type=\"widget\" data-widget_type=\"heading.default\">\n\t\t\t\t<div class=\"elementor-widget-container\">\n\t\t\t\t\t<h3 class=\"elementor-heading-title elementor-size-default\">Classes d'angl\u00e8s per a empreses<\/h3>\t\t\t\t<\/div>\n\t\t\t\t<\/div>\n\t\t\t\t<div class=\"elementor-element elementor-element-d012f9e elementor-icon-list--layout-inline elementor-widget__width-inherit elementor-list-item-link-full_width elementor-widget elementor-widget-icon-list\" data-id=\"d012f9e\" data-element_type=\"widget\" data-e-type=\"widget\" data-widget_type=\"icon-list.default\">\n\t\t\t\t<div class=\"elementor-widget-container\">\n\t\t\t\t\t\t\t<ul class=\"elementor-icon-list-items elementor-inline-items\">\n\t\t\t\t\t\t\t<li class=\"elementor-icon-list-item elementor-inline-item\">\n\t\t\t\t\t\t\t\t\t\t\t<span class=\"elementor-icon-list-icon\">\n\t\t\t\t\t\t\t<i aria-hidden=\"true\" class=\"icon icon-license\"><\/i>\t\t\t\t\t\t<\/span>\n\t\t\t\t\t\t\t\t\t\t<span class=\"elementor-icon-list-text\">Professorat titulat<\/span>\n\t\t\t\t\t\t\t\t\t<\/li>\n\t\t\t\t\t\t\t\t<li class=\"elementor-icon-list-item elementor-inline-item\">\n\t\t\t\t\t\t\t\t\t\t\t<span class=\"elementor-icon-list-icon\">\n\t\t\t\t\t\t\t<i aria-hidden=\"true\" class=\"icon icon-users\"><\/i>\t\t\t\t\t\t<\/span>\n\t\t\t\t\t\t\t\t\t\t<span class=\"elementor-icon-list-text\">Grup redu\u00eft<\/span>\n\t\t\t\t\t\t\t\t\t<\/li>\n\t\t\t\t\t\t<\/ul>\n\t\t\t\t\t\t<\/div>\n\t\t\t\t<\/div>\n\t\t\t\t<div class=\"elementor-element elementor-element-09e66c1 elementor-widget elementor-widget-text-editor\" data-id=\"09e66c1\" data-element_type=\"widget\" data-e-type=\"widget\" data-widget_type=\"text-editor.default\">\n\t\t\t\t<div class=\"elementor-widget-container\">\n\t\t\t\t\t\t\t\t\t<p>Hem dissenyat un m\u00e8tode especialment pensat per a empreses, que permet als empleats desenvolupar una confian\u00e7a s\u00f2lida en la comunicaci\u00f3 en angl\u00e8s, imprescindible per a reunions, negociacions i presentacions.  <\/p>\n\t\t\t\t\t\t\t\t<\/div>\n\t\t\t\t<\/div>\n\t\t\t\t<div class=\"elementor-element elementor-element-1b266ce elementor-invisible elementor-widget elementor-widget-button\" data-id=\"1b266ce\" data-element_type=\"widget\" data-e-type=\"widget\" data-settings=\"{&quot;_animation_delay&quot;:700,&quot;_animation&quot;:&quot;fadeInUp&quot;}\" data-widget_type=\"button.default\">\n\t\t\t\t<div class=\"elementor-widget-container\">\n\t\t\t\t\t\t\t\t\t<div class=\"elementor-button-wrapper\">\n\t\t\t\t\t<a class=\"elementor-button elementor-button-link elementor-size-sm elementor-animation-float\" href=\"https:\/\/activatic.es\/ca\/angles-per-a-empreses\/\">\n\t\t\t\t\t\t<span class=\"elementor-button-content-wrapper\">\n\t\t\t\t\t\t<span class=\"elementor-button-icon\">\n\t\t\t\t<i aria-hidden=\"true\" class=\"icon icon-right-arrow\"><\/i>\t\t\t<\/span>\n\t\t\t\t\t\t\t\t\t<span class=\"elementor-button-text\">Veure M\u00e9s<\/span>\n\t\t\t\t\t<\/span>\n\t\t\t\t\t<\/a>\n\t\t\t\t<\/div>\n\t\t\t\t\t\t\t\t<\/div>\n\t\t\t\t<\/div>\n\t\t\t\t\t<\/div>\n\t\t\t\t<\/div>\n\t\t\t\t<\/div>\n\t\t\t\t\t<\/div>\n\t\t\t\t<\/div>\n\t\t\t\t<\/div>\n\t\t","protected":false},"excerpt":{"rendered":"<p>CLASSES D&#8217;IDIOMES Com t&#8217;ajudem? Classes d&#8217;angl\u00e8s per a estudiants Professorat titulat Grup redu\u00eft Tenim la nostra pr\u00f2pia visi\u00f3 de l&#8217;angl\u00e8s, de fet pensem que l&#8217;angl\u00e8s s&#8217;apr\u00e8n quan realment es necessita i parlant i equivocant-se mil vegades. Per aix\u00f2 hem dissenyat la nostra metodologia. Veure M\u00e9s Classes d&#8217;angl\u00e8s per a empreses Professorat titulat Grup redu\u00eft Hem [&hellip;]<\/p>\n","protected":false},"author":7,"featured_media":12921,"parent":0,"menu_order":0,"comment_status":"closed","ping_status":"closed","template":"elementor_header_footer","meta":{"footnotes":""},"class_list":["post-12484","page","type-page","status-publish","has-post-thumbnail","hentry"],"yoast_head":"<!-- This site is optimized with the Yoast SEO plugin v27.3 - https:\/\/yoast.com\/product\/yoast-seo-wordpress\/ -->\n<title>Classes d&#039;idiomes - Activatic<\/title>\n<meta name=\"description\" content=\"Com t&#039;ajudem? Classes d&#039;angl\u00e8s per a estudiants. Classes d&#039;angl\u00e8s per a empreses. M\u00e9s de 300 estudiants confien en nosaltres.\" \/>\n<meta name=\"robots\" content=\"index, follow, max-snippet:-1, max-image-preview:large, max-video-preview:-1\" \/>\n<link rel=\"canonical\" href=\"https:\/\/activatic.es\/ca\/classes-didiomes\/\" \/>\n<meta property=\"og:locale\" content=\"ca_ES\" \/>\n<meta property=\"og:type\" content=\"article\" \/>\n<meta property=\"og:title\" content=\"Classes d&#039;idiomes - Activatic\" \/>\n<meta property=\"og:description\" content=\"Com t&#039;ajudem? Classes d&#039;angl\u00e8s per a estudiants. Classes d&#039;angl\u00e8s per a empreses. M\u00e9s de 300 estudiants confien en nosaltres.\" \/>\n<meta property=\"og:url\" content=\"https:\/\/activatic.es\/ca\/classes-didiomes\/\" \/>\n<meta property=\"og:site_name\" content=\"Activatic\" \/>\n<meta property=\"article:publisher\" content=\"https:\/\/www.facebook.com\/activatictarragona\/\" \/>\n<meta property=\"article:modified_time\" content=\"2025-02-13T21:18:06+00:00\" \/>\n<meta property=\"og:image\" content=\"https:\/\/activatic.es\/wp-content\/uploads\/2025\/02\/Diseno-sin-titulo-25.jpg\" \/>\n\t<meta property=\"og:image:width\" content=\"1080\" \/>\n\t<meta property=\"og:image:height\" content=\"1080\" \/>\n\t<meta property=\"og:image:type\" content=\"image\/jpeg\" \/>\n<meta name=\"twitter:card\" content=\"summary_large_image\" \/>\n<script type=\"application\/ld+json\" class=\"yoast-schema-graph\">{\"@context\":\"https:\\\/\\\/schema.org\",\"@graph\":[{\"@type\":\"WebPage\",\"@id\":\"https:\\\/\\\/activatic.es\\\/ca\\\/classes-didiomes\\\/\",\"url\":\"https:\\\/\\\/activatic.es\\\/ca\\\/classes-didiomes\\\/\",\"name\":\"Classes d'idiomes - Activatic\",\"isPartOf\":{\"@id\":\"https:\\\/\\\/activatic.es\\\/ca\\\/#website\"},\"primaryImageOfPage\":{\"@id\":\"https:\\\/\\\/activatic.es\\\/ca\\\/classes-didiomes\\\/#primaryimage\"},\"image\":{\"@id\":\"https:\\\/\\\/activatic.es\\\/ca\\\/classes-didiomes\\\/#primaryimage\"},\"thumbnailUrl\":\"https:\\\/\\\/activatic.es\\\/wp-content\\\/uploads\\\/2025\\\/02\\\/Diseno-sin-titulo-25.jpg\",\"datePublished\":\"2024-12-30T15:32:11+00:00\",\"dateModified\":\"2025-02-13T21:18:06+00:00\",\"description\":\"Com t'ajudem? Classes d'angl\u00e8s per a estudiants. Classes d'angl\u00e8s per a empreses. M\u00e9s de 300 estudiants confien en nosaltres.\",\"breadcrumb\":{\"@id\":\"https:\\\/\\\/activatic.es\\\/ca\\\/classes-didiomes\\\/#breadcrumb\"},\"inLanguage\":\"ca\",\"potentialAction\":[{\"@type\":\"ReadAction\",\"target\":[\"https:\\\/\\\/activatic.es\\\/ca\\\/classes-didiomes\\\/\"]}]},{\"@type\":\"ImageObject\",\"inLanguage\":\"ca\",\"@id\":\"https:\\\/\\\/activatic.es\\\/ca\\\/classes-didiomes\\\/#primaryimage\",\"url\":\"https:\\\/\\\/activatic.es\\\/wp-content\\\/uploads\\\/2025\\\/02\\\/Diseno-sin-titulo-25.jpg\",\"contentUrl\":\"https:\\\/\\\/activatic.es\\\/wp-content\\\/uploads\\\/2025\\\/02\\\/Diseno-sin-titulo-25.jpg\",\"width\":1080,\"height\":1080},{\"@type\":\"BreadcrumbList\",\"@id\":\"https:\\\/\\\/activatic.es\\\/ca\\\/classes-didiomes\\\/#breadcrumb\",\"itemListElement\":[{\"@type\":\"ListItem\",\"position\":1,\"name\":\"Home\",\"item\":\"https:\\\/\\\/activatic.es\\\/ca\\\/inici\\\/\"},{\"@type\":\"ListItem\",\"position\":2,\"name\":\"Classes d&#8217;idiomes\"}]},{\"@type\":\"WebSite\",\"@id\":\"https:\\\/\\\/activatic.es\\\/ca\\\/#website\",\"url\":\"https:\\\/\\\/activatic.es\\\/ca\\\/\",\"name\":\"Activatic\",\"description\":\"Academia de refor\u00e7 Tarragona\",\"potentialAction\":[{\"@type\":\"SearchAction\",\"target\":{\"@type\":\"EntryPoint\",\"urlTemplate\":\"https:\\\/\\\/activatic.es\\\/ca\\\/?s={search_term_string}\"},\"query-input\":{\"@type\":\"PropertyValueSpecification\",\"valueRequired\":true,\"valueName\":\"search_term_string\"}}],\"inLanguage\":\"ca\"}]}<\/script>\n<!-- \/ Yoast SEO plugin. -->","yoast_head_json":{"title":"Classes d'idiomes - Activatic","description":"Com t'ajudem? Classes d'angl\u00e8s per a estudiants. Classes d'angl\u00e8s per a empreses. M\u00e9s de 300 estudiants confien en nosaltres.","robots":{"index":"index","follow":"follow","max-snippet":"max-snippet:-1","max-image-preview":"max-image-preview:large","max-video-preview":"max-video-preview:-1"},"canonical":"https:\/\/activatic.es\/ca\/classes-didiomes\/","og_locale":"ca_ES","og_type":"article","og_title":"Classes d'idiomes - Activatic","og_description":"Com t'ajudem? Classes d'angl\u00e8s per a estudiants. Classes d'angl\u00e8s per a empreses. M\u00e9s de 300 estudiants confien en nosaltres.","og_url":"https:\/\/activatic.es\/ca\/classes-didiomes\/","og_site_name":"Activatic","article_publisher":"https:\/\/www.facebook.com\/activatictarragona\/","article_modified_time":"2025-02-13T21:18:06+00:00","og_image":[{"width":1080,"height":1080,"url":"https:\/\/activatic.es\/wp-content\/uploads\/2025\/02\/Diseno-sin-titulo-25.jpg","type":"image\/jpeg"}],"twitter_card":"summary_large_image","schema":{"@context":"https:\/\/schema.org","@graph":[{"@type":"WebPage","@id":"https:\/\/activatic.es\/ca\/classes-didiomes\/","url":"https:\/\/activatic.es\/ca\/classes-didiomes\/","name":"Classes d'idiomes - Activatic","isPartOf":{"@id":"https:\/\/activatic.es\/ca\/#website"},"primaryImageOfPage":{"@id":"https:\/\/activatic.es\/ca\/classes-didiomes\/#primaryimage"},"image":{"@id":"https:\/\/activatic.es\/ca\/classes-didiomes\/#primaryimage"},"thumbnailUrl":"https:\/\/activatic.es\/wp-content\/uploads\/2025\/02\/Diseno-sin-titulo-25.jpg","datePublished":"2024-12-30T15:32:11+00:00","dateModified":"2025-02-13T21:18:06+00:00","description":"Com t'ajudem? Classes d'angl\u00e8s per a estudiants. Classes d'angl\u00e8s per a empreses. M\u00e9s de 300 estudiants confien en nosaltres.","breadcrumb":{"@id":"https:\/\/activatic.es\/ca\/classes-didiomes\/#breadcrumb"},"inLanguage":"ca","potentialAction":[{"@type":"ReadAction","target":["https:\/\/activatic.es\/ca\/classes-didiomes\/"]}]},{"@type":"ImageObject","inLanguage":"ca","@id":"https:\/\/activatic.es\/ca\/classes-didiomes\/#primaryimage","url":"https:\/\/activatic.es\/wp-content\/uploads\/2025\/02\/Diseno-sin-titulo-25.jpg","contentUrl":"https:\/\/activatic.es\/wp-content\/uploads\/2025\/02\/Diseno-sin-titulo-25.jpg","width":1080,"height":1080},{"@type":"BreadcrumbList","@id":"https:\/\/activatic.es\/ca\/classes-didiomes\/#breadcrumb","itemListElement":[{"@type":"ListItem","position":1,"name":"Home","item":"https:\/\/activatic.es\/ca\/inici\/"},{"@type":"ListItem","position":2,"name":"Classes d&#8217;idiomes"}]},{"@type":"WebSite","@id":"https:\/\/activatic.es\/ca\/#website","url":"https:\/\/activatic.es\/ca\/","name":"Activatic","description":"Academia de refor\u00e7 Tarragona","potentialAction":[{"@type":"SearchAction","target":{"@type":"EntryPoint","urlTemplate":"https:\/\/activatic.es\/ca\/?s={search_term_string}"},"query-input":{"@type":"PropertyValueSpecification","valueRequired":true,"valueName":"search_term_string"}}],"inLanguage":"ca"}]}},"_links":{"self":[{"href":"https:\/\/activatic.es\/ca\/wp-json\/wp\/v2\/pages\/12484","targetHints":{"allow":["GET"]}}],"collection":[{"href":"https:\/\/activatic.es\/ca\/wp-json\/wp\/v2\/pages"}],"about":[{"href":"https:\/\/activatic.es\/ca\/wp-json\/wp\/v2\/types\/page"}],"author":[{"embeddable":true,"href":"https:\/\/activatic.es\/ca\/wp-json\/wp\/v2\/users\/7"}],"replies":[{"embeddable":true,"href":"https:\/\/activatic.es\/ca\/wp-json\/wp\/v2\/comments?post=12484"}],"version-history":[{"count":0,"href":"https:\/\/activatic.es\/ca\/wp-json\/wp\/v2\/pages\/12484\/revisions"}],"wp:featuredmedia":[{"embeddable":true,"href":"https:\/\/activatic.es\/ca\/wp-json\/wp\/v2\/media\/12921"}],"wp:attachment":[{"href":"https:\/\/activatic.es\/ca\/wp-json\/wp\/v2\/media?parent=12484"}],"curies":[{"name":"wp","href":"https:\/\/api.w.org\/{rel}","templated":true}]}}