{"id":12495,"date":"2024-12-12T20:45:59","date_gmt":"2024-12-12T20:45:59","guid":{"rendered":"https:\/\/activatic.es\/whatsapp\/"},"modified":"2025-02-13T10:51:20","modified_gmt":"2025-02-13T10:51:20","slug":"whatsapp","status":"publish","type":"page","link":"https:\/\/activatic.es\/ca\/whatsapp\/","title":{"rendered":"Whatsapp Refor\u00e7 Escolar"},"content":{"rendered":"\t\t<div data-elementor-type=\"wp-page\" data-elementor-id=\"12495\" class=\"elementor elementor-12495 elementor-11518\" data-elementor-post-type=\"page\">\n\t\t\t\t<div class=\"elementor-element elementor-element-1639892 e-con-full e-flex e-con e-parent\" data-id=\"1639892\" data-element_type=\"container\" data-e-type=\"container\">\n\t\t\t\t<div class=\"elementor-element elementor-element-1cd2a86 elementor-widget__width-inherit elementor-widget elementor-widget-image\" data-id=\"1cd2a86\" data-element_type=\"widget\" data-e-type=\"widget\" data-widget_type=\"image.default\">\n\t\t\t\t<div class=\"elementor-widget-container\">\n\t\t\t\t\t\t\t\t\t\t\t\t\t\t\t<img fetchpriority=\"high\" decoding=\"async\" width=\"800\" height=\"528\" src=\"https:\/\/activatic.es\/wp-content\/uploads\/2022\/02\/logo-hq-1024x676.png\" class=\"attachment-large size-large wp-image-12087\" alt=\"\" srcset=\"https:\/\/activatic.es\/wp-content\/uploads\/2022\/02\/logo-hq-1024x676.png 1024w, https:\/\/activatic.es\/wp-content\/uploads\/2022\/02\/logo-hq-300x198.png 300w, https:\/\/activatic.es\/wp-content\/uploads\/2022\/02\/logo-hq-768x507.png 768w, https:\/\/activatic.es\/wp-content\/uploads\/2022\/02\/logo-hq-1536x1015.png 1536w, https:\/\/activatic.es\/wp-content\/uploads\/2022\/02\/logo-hq-2048x1353.png 2048w, https:\/\/activatic.es\/wp-content\/uploads\/2022\/02\/logo-hq-600x396.png 600w\" sizes=\"(max-width: 800px) 100vw, 800px\" \/>\t\t\t\t\t\t\t\t\t\t\t\t\t\t\t<\/div>\n\t\t\t\t<\/div>\n\t\t\t\t<\/div>\n\t\t<div class=\"elementor-element elementor-element-c867feb e-flex e-con-boxed e-con e-parent\" data-id=\"c867feb\" data-element_type=\"container\" data-e-type=\"container\" data-settings=\"{&quot;background_background&quot;:&quot;gradient&quot;}\">\n\t\t\t\t\t<div class=\"e-con-inner\">\n\t\t<div class=\"elementor-element elementor-element-86b4f46 e-con-full e-flex e-con e-child\" data-id=\"86b4f46\" data-element_type=\"container\" data-e-type=\"container\">\n\t\t\t\t<div class=\"elementor-element elementor-element-438d7c1 elementor-widget__width-inherit elementor-invisible elementor-widget elementor-widget-heading\" data-id=\"438d7c1\" data-element_type=\"widget\" data-e-type=\"widget\" data-settings=\"{&quot;_animation&quot;:&quot;fadeIn&quot;,&quot;_animation_delay&quot;:200}\" data-widget_type=\"heading.default\">\n\t\t\t\t<div class=\"elementor-widget-container\">\n\t\t\t\t\t<h1 class=\"elementor-heading-title elementor-size-default\"><span>Contacta'ns,<\/span><br> Aqu\u00ed!<\/h1>\t\t\t\t<\/div>\n\t\t\t\t<\/div>\n\t\t\t\t<div class=\"elementor-element elementor-element-a7713a8 elementor-align-center elementor-invisible elementor-widget elementor-widget-button\" data-id=\"a7713a8\" data-element_type=\"widget\" data-e-type=\"widget\" data-settings=\"{&quot;_animation&quot;:&quot;fadeInUp&quot;,&quot;_animation_delay&quot;:700}\" data-widget_type=\"button.default\">\n\t\t\t\t<div class=\"elementor-widget-container\">\n\t\t\t\t\t\t\t\t\t<div class=\"elementor-button-wrapper\">\n\t\t\t\t\t<a class=\"elementor-button elementor-button-link elementor-size-sm elementor-animation-float\" href=\"https:\/\/api.whatsapp.com\/send?phone=34681934914&#038;text=Hola,%20quisiera%20m%C3%A1s%20informaci%C3%B3n%20sobre%20sus%20programas%20de%20refuerzo%20escolar.\">\n\t\t\t\t\t\t<span class=\"elementor-button-content-wrapper\">\n\t\t\t\t\t\t<span class=\"elementor-button-icon\">\n\t\t\t\t<i aria-hidden=\"true\" class=\"fab fa-whatsapp\"><\/i>\t\t\t<\/span>\n\t\t\t\t\t\t\t\t\t<span class=\"elementor-button-text\">Fes Click per anar a Whatsapp<\/span>\n\t\t\t\t\t<\/span>\n\t\t\t\t\t<\/a>\n\t\t\t\t<\/div>\n\t\t\t\t\t\t\t\t<\/div>\n\t\t\t\t<\/div>\n\t\t\t\t<div class=\"elementor-element elementor-element-64d1557 elementor-widget__width-inherit elementor-invisible elementor-widget elementor-widget-text-editor\" data-id=\"64d1557\" data-element_type=\"widget\" data-e-type=\"widget\" data-settings=\"{&quot;_animation&quot;:&quot;fadeIn&quot;}\" data-widget_type=\"text-editor.default\">\n\t\t\t\t<div class=\"elementor-widget-container\">\n\t\t\t\t\t\t\t\t\t<p>Prim\u00e0ria &#8211; ESO &#8211; Batxillerat &#8211; Angl\u00e8s<\/p>\n\t\t\t\t\t\t\t\t<\/div>\n\t\t\t\t<\/div>\n\t\t<div class=\"elementor-element elementor-element-d0b8c06 e-con-full e-flex elementor-invisible e-con e-child\" data-id=\"d0b8c06\" data-element_type=\"container\" data-e-type=\"container\" data-settings=\"{&quot;animation&quot;:&quot;fadeInUp&quot;,&quot;animation_delay&quot;:800}\">\n\t\t\t\t<div class=\"elementor-element elementor-element-d144d6e elementor-widget elementor-widget-image\" data-id=\"d144d6e\" data-element_type=\"widget\" data-e-type=\"widget\" data-widget_type=\"image.default\">\n\t\t\t\t<div class=\"elementor-widget-container\">\n\t\t\t\t\t\t\t\t\t\t\t\t\t\t\t<img decoding=\"async\" src=\"https:\/\/activatic.es\/wp-content\/uploads\/2024\/12\/pretty-hispanic-female-student-smiling-and-looking-CFSPSYT.jpg\" title=\"\" alt=\"\" loading=\"lazy\" \/>\t\t\t\t\t\t\t\t\t\t\t\t\t\t\t<\/div>\n\t\t\t\t<\/div>\n\t\t\t\t<div class=\"elementor-element elementor-element-1cc3f83 elementor-widget elementor-widget-image\" data-id=\"1cc3f83\" data-element_type=\"widget\" data-e-type=\"widget\" data-widget_type=\"image.default\">\n\t\t\t\t<div class=\"elementor-widget-container\">\n\t\t\t\t\t\t\t\t\t\t\t\t\t\t\t<img decoding=\"async\" src=\"https:\/\/activatic.es\/wp-content\/uploads\/2024\/12\/asian-male-university-student-in-glasses-holding-b-5TFS3Y8.jpg\" title=\"\" alt=\"\" loading=\"lazy\" \/>\t\t\t\t\t\t\t\t\t\t\t\t\t\t\t<\/div>\n\t\t\t\t<\/div>\n\t\t\t\t<div class=\"elementor-element elementor-element-9d9762a elementor-widget elementor-widget-image\" data-id=\"9d9762a\" data-element_type=\"widget\" data-e-type=\"widget\" data-widget_type=\"image.default\">\n\t\t\t\t<div class=\"elementor-widget-container\">\n\t\t\t\t\t\t\t\t\t\t\t\t\t\t\t<img decoding=\"async\" src=\"https:\/\/activatic.es\/wp-content\/uploads\/2024\/12\/portrait-of-joyful-brunette-businesswoman-looking-X38S4W4.jpg\" title=\"\" alt=\"\" loading=\"lazy\" \/>\t\t\t\t\t\t\t\t\t\t\t\t\t\t\t<\/div>\n\t\t\t\t<\/div>\n\t\t\t\t<div class=\"elementor-element elementor-element-2bfab75 elementor-widget elementor-widget-image\" data-id=\"2bfab75\" data-element_type=\"widget\" data-e-type=\"widget\" data-widget_type=\"image.default\">\n\t\t\t\t<div class=\"elementor-widget-container\">\n\t\t\t\t\t\t\t\t\t\t\t\t\t\t\t<img decoding=\"async\" src=\"https:\/\/activatic.es\/wp-content\/uploads\/2024\/12\/happy-student-at-university-classroom-looking-at-c-TZ5ZT5G.jpg\" title=\"\" alt=\"\" loading=\"lazy\" \/>\t\t\t\t\t\t\t\t\t\t\t\t\t\t\t<\/div>\n\t\t\t\t<\/div>\n\t\t\t\t<div class=\"elementor-element elementor-element-75896d8 elementor-widget-mobile__width-initial elementor-widget elementor-widget-text-editor\" data-id=\"75896d8\" data-element_type=\"widget\" data-e-type=\"widget\" data-widget_type=\"text-editor.default\">\n\t\t\t\t<div class=\"elementor-widget-container\">\n\t\t\t\t\t\t\t\t\t<p>M\u00e9s de 5K d&#8217;estudiants confien en nosaltres<\/p>\n\t\t\t\t\t\t\t\t<\/div>\n\t\t\t\t<\/div>\n\t\t\t\t<\/div>\n\t\t\t\t<\/div>\n\t\t\t\t\t<\/div>\n\t\t\t\t<\/div>\n\t\t\t\t<\/div>\n\t\t","protected":false},"excerpt":{"rendered":"<p>Contacta&#8217;ns, Aqu\u00ed! Fes Click per anar a Whatsapp Prim\u00e0ria &#8211; ESO &#8211; Batxillerat &#8211; Angl\u00e8s M\u00e9s de 5K d&#8217;estudiants confien en nosaltres<\/p>\n","protected":false},"author":7,"featured_media":12921,"parent":0,"menu_order":0,"comment_status":"closed","ping_status":"closed","template":"elementor_canvas","meta":{"footnotes":""},"class_list":["post-12495","page","type-page","status-publish","has-post-thumbnail","hentry"],"yoast_head":"<!-- This site is optimized with the Yoast SEO plugin v27.3 - https:\/\/yoast.com\/product\/yoast-seo-wordpress\/ -->\n<title>Whatsapp Refor\u00e7 Escolar - Activatic<\/title>\n<meta name=\"description\" content=\"Prepara&#039;t. El teu futur t&#039;est\u00e0 esperant. Prim\u00e0ria \u2013 ESO \u2013 Batxillerat \u2013 Angl\u00e8s. L\u00edders en refor\u00e7 escolar i ensenyament d\u00b4idiomes\" \/>\n<meta name=\"robots\" content=\"index, follow, max-snippet:-1, max-image-preview:large, max-video-preview:-1\" \/>\n<link rel=\"canonical\" href=\"https:\/\/activatic.es\/ca\/whatsapp\/\" \/>\n<meta property=\"og:locale\" content=\"ca_ES\" \/>\n<meta property=\"og:type\" content=\"article\" \/>\n<meta property=\"og:title\" content=\"Whatsapp Refor\u00e7 Escolar - Activatic\" \/>\n<meta property=\"og:description\" content=\"Prepara&#039;t. El teu futur t&#039;est\u00e0 esperant. Prim\u00e0ria \u2013 ESO \u2013 Batxillerat \u2013 Angl\u00e8s. L\u00edders en refor\u00e7 escolar i ensenyament d\u00b4idiomes\" \/>\n<meta property=\"og:url\" content=\"https:\/\/activatic.es\/ca\/whatsapp\/\" \/>\n<meta property=\"og:site_name\" content=\"Activatic\" \/>\n<meta property=\"article:publisher\" content=\"https:\/\/www.facebook.com\/activatictarragona\/\" \/>\n<meta property=\"article:modified_time\" content=\"2025-02-13T10:51:20+00:00\" \/>\n<meta property=\"og:image\" content=\"https:\/\/activatic.es\/wp-content\/uploads\/2025\/02\/Diseno-sin-titulo-25.jpg\" \/>\n\t<meta property=\"og:image:width\" content=\"1080\" \/>\n\t<meta property=\"og:image:height\" content=\"1080\" \/>\n\t<meta property=\"og:image:type\" content=\"image\/jpeg\" \/>\n<meta name=\"twitter:card\" content=\"summary_large_image\" \/>\n<script type=\"application\/ld+json\" class=\"yoast-schema-graph\">{\"@context\":\"https:\\\/\\\/schema.org\",\"@graph\":[{\"@type\":\"WebPage\",\"@id\":\"https:\\\/\\\/activatic.es\\\/ca\\\/whatsapp\\\/\",\"url\":\"https:\\\/\\\/activatic.es\\\/ca\\\/whatsapp\\\/\",\"name\":\"Whatsapp Refor\u00e7 Escolar - Activatic\",\"isPartOf\":{\"@id\":\"https:\\\/\\\/activatic.es\\\/ca\\\/#website\"},\"primaryImageOfPage\":{\"@id\":\"https:\\\/\\\/activatic.es\\\/ca\\\/whatsapp\\\/#primaryimage\"},\"image\":{\"@id\":\"https:\\\/\\\/activatic.es\\\/ca\\\/whatsapp\\\/#primaryimage\"},\"thumbnailUrl\":\"https:\\\/\\\/activatic.es\\\/wp-content\\\/uploads\\\/2025\\\/02\\\/Diseno-sin-titulo-25.jpg\",\"datePublished\":\"2024-12-12T20:45:59+00:00\",\"dateModified\":\"2025-02-13T10:51:20+00:00\",\"description\":\"Prepara't. El teu futur t'est\u00e0 esperant. Prim\u00e0ria \u2013 ESO \u2013 Batxillerat \u2013 Angl\u00e8s. L\u00edders en refor\u00e7 escolar i ensenyament d\u00b4idiomes\",\"breadcrumb\":{\"@id\":\"https:\\\/\\\/activatic.es\\\/ca\\\/whatsapp\\\/#breadcrumb\"},\"inLanguage\":\"ca\",\"potentialAction\":[{\"@type\":\"ReadAction\",\"target\":[\"https:\\\/\\\/activatic.es\\\/ca\\\/whatsapp\\\/\"]}]},{\"@type\":\"ImageObject\",\"inLanguage\":\"ca\",\"@id\":\"https:\\\/\\\/activatic.es\\\/ca\\\/whatsapp\\\/#primaryimage\",\"url\":\"https:\\\/\\\/activatic.es\\\/wp-content\\\/uploads\\\/2025\\\/02\\\/Diseno-sin-titulo-25.jpg\",\"contentUrl\":\"https:\\\/\\\/activatic.es\\\/wp-content\\\/uploads\\\/2025\\\/02\\\/Diseno-sin-titulo-25.jpg\",\"width\":1080,\"height\":1080},{\"@type\":\"BreadcrumbList\",\"@id\":\"https:\\\/\\\/activatic.es\\\/ca\\\/whatsapp\\\/#breadcrumb\",\"itemListElement\":[{\"@type\":\"ListItem\",\"position\":1,\"name\":\"Home\",\"item\":\"https:\\\/\\\/activatic.es\\\/ca\\\/inici\\\/\"},{\"@type\":\"ListItem\",\"position\":2,\"name\":\"Whatsapp Refor\u00e7 Escolar\"}]},{\"@type\":\"WebSite\",\"@id\":\"https:\\\/\\\/activatic.es\\\/ca\\\/#website\",\"url\":\"https:\\\/\\\/activatic.es\\\/ca\\\/\",\"name\":\"Activatic\",\"description\":\"Academia de refor\u00e7 Tarragona\",\"potentialAction\":[{\"@type\":\"SearchAction\",\"target\":{\"@type\":\"EntryPoint\",\"urlTemplate\":\"https:\\\/\\\/activatic.es\\\/ca\\\/?s={search_term_string}\"},\"query-input\":{\"@type\":\"PropertyValueSpecification\",\"valueRequired\":true,\"valueName\":\"search_term_string\"}}],\"inLanguage\":\"ca\"}]}<\/script>\n<!-- \/ Yoast SEO plugin. -->","yoast_head_json":{"title":"Whatsapp Refor\u00e7 Escolar - Activatic","description":"Prepara't. El teu futur t'est\u00e0 esperant. Prim\u00e0ria \u2013 ESO \u2013 Batxillerat \u2013 Angl\u00e8s. L\u00edders en refor\u00e7 escolar i ensenyament d\u00b4idiomes","robots":{"index":"index","follow":"follow","max-snippet":"max-snippet:-1","max-image-preview":"max-image-preview:large","max-video-preview":"max-video-preview:-1"},"canonical":"https:\/\/activatic.es\/ca\/whatsapp\/","og_locale":"ca_ES","og_type":"article","og_title":"Whatsapp Refor\u00e7 Escolar - Activatic","og_description":"Prepara't. El teu futur t'est\u00e0 esperant. Prim\u00e0ria \u2013 ESO \u2013 Batxillerat \u2013 Angl\u00e8s. L\u00edders en refor\u00e7 escolar i ensenyament d\u00b4idiomes","og_url":"https:\/\/activatic.es\/ca\/whatsapp\/","og_site_name":"Activatic","article_publisher":"https:\/\/www.facebook.com\/activatictarragona\/","article_modified_time":"2025-02-13T10:51:20+00:00","og_image":[{"width":1080,"height":1080,"url":"https:\/\/activatic.es\/wp-content\/uploads\/2025\/02\/Diseno-sin-titulo-25.jpg","type":"image\/jpeg"}],"twitter_card":"summary_large_image","schema":{"@context":"https:\/\/schema.org","@graph":[{"@type":"WebPage","@id":"https:\/\/activatic.es\/ca\/whatsapp\/","url":"https:\/\/activatic.es\/ca\/whatsapp\/","name":"Whatsapp Refor\u00e7 Escolar - Activatic","isPartOf":{"@id":"https:\/\/activatic.es\/ca\/#website"},"primaryImageOfPage":{"@id":"https:\/\/activatic.es\/ca\/whatsapp\/#primaryimage"},"image":{"@id":"https:\/\/activatic.es\/ca\/whatsapp\/#primaryimage"},"thumbnailUrl":"https:\/\/activatic.es\/wp-content\/uploads\/2025\/02\/Diseno-sin-titulo-25.jpg","datePublished":"2024-12-12T20:45:59+00:00","dateModified":"2025-02-13T10:51:20+00:00","description":"Prepara't. El teu futur t'est\u00e0 esperant. Prim\u00e0ria \u2013 ESO \u2013 Batxillerat \u2013 Angl\u00e8s. L\u00edders en refor\u00e7 escolar i ensenyament d\u00b4idiomes","breadcrumb":{"@id":"https:\/\/activatic.es\/ca\/whatsapp\/#breadcrumb"},"inLanguage":"ca","potentialAction":[{"@type":"ReadAction","target":["https:\/\/activatic.es\/ca\/whatsapp\/"]}]},{"@type":"ImageObject","inLanguage":"ca","@id":"https:\/\/activatic.es\/ca\/whatsapp\/#primaryimage","url":"https:\/\/activatic.es\/wp-content\/uploads\/2025\/02\/Diseno-sin-titulo-25.jpg","contentUrl":"https:\/\/activatic.es\/wp-content\/uploads\/2025\/02\/Diseno-sin-titulo-25.jpg","width":1080,"height":1080},{"@type":"BreadcrumbList","@id":"https:\/\/activatic.es\/ca\/whatsapp\/#breadcrumb","itemListElement":[{"@type":"ListItem","position":1,"name":"Home","item":"https:\/\/activatic.es\/ca\/inici\/"},{"@type":"ListItem","position":2,"name":"Whatsapp Refor\u00e7 Escolar"}]},{"@type":"WebSite","@id":"https:\/\/activatic.es\/ca\/#website","url":"https:\/\/activatic.es\/ca\/","name":"Activatic","description":"Academia de refor\u00e7 Tarragona","potentialAction":[{"@type":"SearchAction","target":{"@type":"EntryPoint","urlTemplate":"https:\/\/activatic.es\/ca\/?s={search_term_string}"},"query-input":{"@type":"PropertyValueSpecification","valueRequired":true,"valueName":"search_term_string"}}],"inLanguage":"ca"}]}},"_links":{"self":[{"href":"https:\/\/activatic.es\/ca\/wp-json\/wp\/v2\/pages\/12495","targetHints":{"allow":["GET"]}}],"collection":[{"href":"https:\/\/activatic.es\/ca\/wp-json\/wp\/v2\/pages"}],"about":[{"href":"https:\/\/activatic.es\/ca\/wp-json\/wp\/v2\/types\/page"}],"author":[{"embeddable":true,"href":"https:\/\/activatic.es\/ca\/wp-json\/wp\/v2\/users\/7"}],"replies":[{"embeddable":true,"href":"https:\/\/activatic.es\/ca\/wp-json\/wp\/v2\/comments?post=12495"}],"version-history":[{"count":0,"href":"https:\/\/activatic.es\/ca\/wp-json\/wp\/v2\/pages\/12495\/revisions"}],"wp:featuredmedia":[{"embeddable":true,"href":"https:\/\/activatic.es\/ca\/wp-json\/wp\/v2\/media\/12921"}],"wp:attachment":[{"href":"https:\/\/activatic.es\/ca\/wp-json\/wp\/v2\/media?parent=12495"}],"curies":[{"name":"wp","href":"https:\/\/api.w.org\/{rel}","templated":true}]}}