{"id":12540,"date":"2022-02-28T15:18:37","date_gmt":"2022-02-28T15:18:37","guid":{"rendered":"https:\/\/activatic.es\/treballa-amb-nosaltres\/"},"modified":"2025-10-28T12:31:38","modified_gmt":"2025-10-28T12:31:38","slug":"treballa-amb-nosaltres","status":"publish","type":"page","link":"https:\/\/activatic.es\/ca\/treballa-amb-nosaltres\/","title":{"rendered":"Treballa amb nosaltres"},"content":{"rendered":"\t\t<div data-elementor-type=\"wp-page\" data-elementor-id=\"12540\" class=\"elementor elementor-12540 elementor-9190\" data-elementor-post-type=\"page\">\n\t\t\t\t\t\t<section class=\"elementor-section elementor-top-section elementor-element elementor-element-5f30169 elementor-section-boxed elementor-section-height-default elementor-section-height-default\" data-id=\"5f30169\" data-element_type=\"section\" data-e-type=\"section\" data-settings=\"{&quot;background_background&quot;:&quot;classic&quot;}\">\n\t\t\t\t\t\t<div class=\"elementor-container elementor-column-gap-default\">\n\t\t\t\t\t<div class=\"elementor-column elementor-col-100 elementor-top-column elementor-element elementor-element-460e34f\" data-id=\"460e34f\" data-element_type=\"column\" data-e-type=\"column\">\n\t\t\t<div class=\"elementor-widget-wrap elementor-element-populated\">\n\t\t\t\t\t\t<div class=\"elementor-element elementor-element-0750314 elementor-widget elementor-widget-heading\" data-id=\"0750314\" data-element_type=\"widget\" data-e-type=\"widget\" data-widget_type=\"heading.default\">\n\t\t\t\t<div class=\"elementor-widget-container\">\n\t\t\t\t\t<h2 class=\"elementor-heading-title elementor-size-default\">Inscriu-te a la nostra borsa de treball<\/h2>\t\t\t\t<\/div>\n\t\t\t\t<\/div>\n\t\t\t\t\t<\/div>\n\t\t<\/div>\n\t\t\t\t\t<\/div>\n\t\t<\/section>\n\t\t\t\t<section class=\"elementor-section elementor-top-section elementor-element elementor-element-1fa96e0 elementor-section-boxed elementor-section-height-default elementor-section-height-default\" data-id=\"1fa96e0\" data-element_type=\"section\" data-e-type=\"section\" data-settings=\"{&quot;background_background&quot;:&quot;classic&quot;}\">\n\t\t\t\t\t\t<div class=\"elementor-container elementor-column-gap-default\">\n\t\t\t\t\t<div class=\"elementor-column elementor-col-100 elementor-top-column elementor-element elementor-element-bc39346\" data-id=\"bc39346\" data-element_type=\"column\" data-e-type=\"column\">\n\t\t\t<div class=\"elementor-widget-wrap elementor-element-populated\">\n\t\t\t\t\t\t<div class=\"elementor-element elementor-element-d269015 elementor-widget elementor-widget-text-editor\" data-id=\"d269015\" data-element_type=\"widget\" data-e-type=\"widget\" data-widget_type=\"text-editor.default\">\n\t\t\t\t<div class=\"elementor-widget-container\">\n\t\t\t\t\t\t\t\t\t<p>Benvingut\/da;<\/p>\n<p>Ets a punt d&#8217;accedir a la nostra borsa de treball; on gestionem <b>m\u00e9s de 100 oportunitats<\/b> per curs per a perfils docents; monitors\/es i altres professionals. \ud83d\udc69\ud83c\udffb\u200d\ud83c\udfeb\ud83e\uddd1\ud83c\udffc\u200d\ud83c\udfeb <\/p>\n<p>Treballem directament amb Acad\u00e8mies; Centres Educatius i Institucions P\u00fabliques; i busquem candidats\/es com tu cont\u00ednuament.<\/p>\n<p><b>Com funciona el proc\u00e9s?<\/b><\/p>\n<p>\u00c9s molt senzill:<\/p>\n<ol start=\"1\">\n<li>\n<p><b>Emplenes aquest formulari;<\/b> (Aquest \u00e9s el pas imprescindible).<\/p>\n<\/li>\n<li>\n<p><b>Validem el teu perfil;<\/b> El nostre equip de selecci\u00f3 ho revisar\u00e0.<\/p>\n<\/li>\n<li>\n<p><b style=\"background-color: transparent; letter-spacing: 0.2px;\">Et truquem per a una entrevista;<\/b> <span style=\"background-color: transparent; letter-spacing: 0.2px;\">Quan tinguem una vacant que encaixi amb tu; contactarem per a una entrevista (personal o virtual).<\/span><\/p><\/li>\n<li>\n<p><b>Comences a treballar!<\/b>  \u270c\ufe0f<\/p>\n<\/li>\n<\/ol>\n<p><b>Per qu\u00e8 \u00e9s tan important aquest formulari?<\/b><\/p>\n<p>Pensa en aquest formulari com la nostra <b>primera conversa<\/b> ; substitueix la trucada inicial de filtre.<\/p>\n<p>Per aix\u00f2; et demanem que ho completis amb la m\u00e0xima <b>honestedat i detall<\/b> . No es tracta de fer-ho r\u00e0pid; sin\u00f3 de fer-ho b\u00e9. \u00c9s la teva millor carta de presentaci\u00f3 per a nosaltres. <\/p>\n<p>Dedica-li el temps que mereix; \u00e9s l\u00fanic requisit per comen\u00e7ar.<\/p>\n<p>De vegades triga uns segons a carregar el seg\u00fcent formulari:<\/p>\t\t\t\t\t\t\t\t<\/div>\n\t\t\t\t<\/div>\n\t\t\t\t<div class=\"elementor-element elementor-element-ce523ad elementor-widget elementor-widget-html\" data-id=\"ce523ad\" data-element_type=\"widget\" data-e-type=\"widget\" data-widget_type=\"html.default\">\n\t\t\t\t<div class=\"elementor-widget-container\">\n\t\t\t\t\t<iframe class=\"airtable-embed\" src=\"https:\/\/airtable.com\/embed\/appW783W82LhlBj0d\/paggd5NuhtL3LWrfT\/form\" frameborder=\"0\" onmousewheel=\"\" width=\"100%\" height=\"533\" style=\"background: transparent; border: 1px solid #ccc;\"><\/iframe>\t\t\t\t<\/div>\n\t\t\t\t<\/div>\n\t\t\t\t\t<\/div>\n\t\t<\/div>\n\t\t\t\t\t<\/div>\n\t\t<\/section>\n\t\t\t\t<\/div>\n\t\t","protected":false},"excerpt":{"rendered":"<p>Inscriu-te a la nostra borsa de treball Benvingut\/da; Ets a punt d&#8217;accedir a la nostra borsa de treball; on gestionem m\u00e9s de 100 oportunitats per curs per a perfils docents; monitors\/es i altres professionals. \ud83d\udc69\ud83c\udffb\u200d\ud83c\udfeb\ud83e\uddd1\ud83c\udffc\u200d\ud83c\udfeb Treballem directament amb Acad\u00e8mies; Centres Educatius i Institucions P\u00fabliques; i busquem candidats\/es com tu cont\u00ednuament. Com funciona el proc\u00e9s? \u00c9s [&hellip;]<\/p>\n","protected":false},"author":7,"featured_media":12921,"parent":0,"menu_order":0,"comment_status":"closed","ping_status":"closed","template":"elementor_header_footer","meta":{"footnotes":""},"class_list":["post-12540","page","type-page","status-publish","has-post-thumbnail","hentry"],"yoast_head":"<!-- This site is optimized with the Yoast SEO plugin v27.3 - https:\/\/yoast.com\/product\/yoast-seo-wordpress\/ -->\n<title>Treballa amb nosaltres - Activatic<\/title>\n<meta name=\"description\" content=\"Treballa amb nosaltres. Entra al nostre proc\u00e9s de selecci\u00f3 i forma part de la borsa de treball d&#039;Activatic. Envia&#039;ns el teu CV.\" \/>\n<meta name=\"robots\" content=\"index, follow, max-snippet:-1, max-image-preview:large, max-video-preview:-1\" \/>\n<link rel=\"canonical\" href=\"https:\/\/activatic.es\/ca\/treballa-amb-nosaltres\/\" \/>\n<meta property=\"og:locale\" content=\"ca_ES\" \/>\n<meta property=\"og:type\" content=\"article\" \/>\n<meta property=\"og:title\" content=\"Treballa amb nosaltres - Activatic\" \/>\n<meta property=\"og:description\" content=\"Treballa amb nosaltres. Entra al nostre proc\u00e9s de selecci\u00f3 i forma part de la borsa de treball d&#039;Activatic. Envia&#039;ns el teu CV.\" \/>\n<meta property=\"og:url\" content=\"https:\/\/activatic.es\/ca\/treballa-amb-nosaltres\/\" \/>\n<meta property=\"og:site_name\" content=\"Activatic\" \/>\n<meta property=\"article:publisher\" content=\"https:\/\/www.facebook.com\/activatictarragona\/\" \/>\n<meta property=\"article:modified_time\" content=\"2025-10-28T12:31:38+00:00\" \/>\n<meta property=\"og:image\" content=\"https:\/\/activatic.es\/wp-content\/uploads\/2025\/02\/Diseno-sin-titulo-25.jpg\" \/>\n\t<meta property=\"og:image:width\" content=\"1080\" \/>\n\t<meta property=\"og:image:height\" content=\"1080\" \/>\n\t<meta property=\"og:image:type\" content=\"image\/jpeg\" \/>\n<meta name=\"twitter:card\" content=\"summary_large_image\" \/>\n<meta name=\"twitter:label1\" content=\"Temps estimat de lectura\" \/>\n\t<meta name=\"twitter:data1\" content=\"1 minut\" \/>\n<script type=\"application\/ld+json\" class=\"yoast-schema-graph\">{\"@context\":\"https:\\\/\\\/schema.org\",\"@graph\":[{\"@type\":\"WebPage\",\"@id\":\"https:\\\/\\\/activatic.es\\\/ca\\\/treballa-amb-nosaltres\\\/\",\"url\":\"https:\\\/\\\/activatic.es\\\/ca\\\/treballa-amb-nosaltres\\\/\",\"name\":\"Treballa amb nosaltres - Activatic\",\"isPartOf\":{\"@id\":\"https:\\\/\\\/activatic.es\\\/ca\\\/#website\"},\"primaryImageOfPage\":{\"@id\":\"https:\\\/\\\/activatic.es\\\/ca\\\/treballa-amb-nosaltres\\\/#primaryimage\"},\"image\":{\"@id\":\"https:\\\/\\\/activatic.es\\\/ca\\\/treballa-amb-nosaltres\\\/#primaryimage\"},\"thumbnailUrl\":\"https:\\\/\\\/activatic.es\\\/wp-content\\\/uploads\\\/2025\\\/02\\\/Diseno-sin-titulo-25.jpg\",\"datePublished\":\"2022-02-28T15:18:37+00:00\",\"dateModified\":\"2025-10-28T12:31:38+00:00\",\"description\":\"Treballa amb nosaltres. Entra al nostre proc\u00e9s de selecci\u00f3 i forma part de la borsa de treball d'Activatic. Envia'ns el teu CV.\",\"breadcrumb\":{\"@id\":\"https:\\\/\\\/activatic.es\\\/ca\\\/treballa-amb-nosaltres\\\/#breadcrumb\"},\"inLanguage\":\"ca\",\"potentialAction\":[{\"@type\":\"ReadAction\",\"target\":[\"https:\\\/\\\/activatic.es\\\/ca\\\/treballa-amb-nosaltres\\\/\"]}]},{\"@type\":\"ImageObject\",\"inLanguage\":\"ca\",\"@id\":\"https:\\\/\\\/activatic.es\\\/ca\\\/treballa-amb-nosaltres\\\/#primaryimage\",\"url\":\"https:\\\/\\\/activatic.es\\\/wp-content\\\/uploads\\\/2025\\\/02\\\/Diseno-sin-titulo-25.jpg\",\"contentUrl\":\"https:\\\/\\\/activatic.es\\\/wp-content\\\/uploads\\\/2025\\\/02\\\/Diseno-sin-titulo-25.jpg\",\"width\":1080,\"height\":1080},{\"@type\":\"BreadcrumbList\",\"@id\":\"https:\\\/\\\/activatic.es\\\/ca\\\/treballa-amb-nosaltres\\\/#breadcrumb\",\"itemListElement\":[{\"@type\":\"ListItem\",\"position\":1,\"name\":\"Home\",\"item\":\"https:\\\/\\\/activatic.es\\\/ca\\\/inici\\\/\"},{\"@type\":\"ListItem\",\"position\":2,\"name\":\"Treballa amb nosaltres\"}]},{\"@type\":\"WebSite\",\"@id\":\"https:\\\/\\\/activatic.es\\\/ca\\\/#website\",\"url\":\"https:\\\/\\\/activatic.es\\\/ca\\\/\",\"name\":\"Activatic\",\"description\":\"Academia de refor\u00e7 Tarragona\",\"potentialAction\":[{\"@type\":\"SearchAction\",\"target\":{\"@type\":\"EntryPoint\",\"urlTemplate\":\"https:\\\/\\\/activatic.es\\\/ca\\\/?s={search_term_string}\"},\"query-input\":{\"@type\":\"PropertyValueSpecification\",\"valueRequired\":true,\"valueName\":\"search_term_string\"}}],\"inLanguage\":\"ca\"}]}<\/script>\n<!-- \/ Yoast SEO plugin. -->","yoast_head_json":{"title":"Treballa amb nosaltres - Activatic","description":"Treballa amb nosaltres. Entra al nostre proc\u00e9s de selecci\u00f3 i forma part de la borsa de treball d'Activatic. Envia'ns el teu CV.","robots":{"index":"index","follow":"follow","max-snippet":"max-snippet:-1","max-image-preview":"max-image-preview:large","max-video-preview":"max-video-preview:-1"},"canonical":"https:\/\/activatic.es\/ca\/treballa-amb-nosaltres\/","og_locale":"ca_ES","og_type":"article","og_title":"Treballa amb nosaltres - Activatic","og_description":"Treballa amb nosaltres. Entra al nostre proc\u00e9s de selecci\u00f3 i forma part de la borsa de treball d'Activatic. Envia'ns el teu CV.","og_url":"https:\/\/activatic.es\/ca\/treballa-amb-nosaltres\/","og_site_name":"Activatic","article_publisher":"https:\/\/www.facebook.com\/activatictarragona\/","article_modified_time":"2025-10-28T12:31:38+00:00","og_image":[{"width":1080,"height":1080,"url":"https:\/\/activatic.es\/wp-content\/uploads\/2025\/02\/Diseno-sin-titulo-25.jpg","type":"image\/jpeg"}],"twitter_card":"summary_large_image","twitter_misc":{"Temps estimat de lectura":"1 minut"},"schema":{"@context":"https:\/\/schema.org","@graph":[{"@type":"WebPage","@id":"https:\/\/activatic.es\/ca\/treballa-amb-nosaltres\/","url":"https:\/\/activatic.es\/ca\/treballa-amb-nosaltres\/","name":"Treballa amb nosaltres - Activatic","isPartOf":{"@id":"https:\/\/activatic.es\/ca\/#website"},"primaryImageOfPage":{"@id":"https:\/\/activatic.es\/ca\/treballa-amb-nosaltres\/#primaryimage"},"image":{"@id":"https:\/\/activatic.es\/ca\/treballa-amb-nosaltres\/#primaryimage"},"thumbnailUrl":"https:\/\/activatic.es\/wp-content\/uploads\/2025\/02\/Diseno-sin-titulo-25.jpg","datePublished":"2022-02-28T15:18:37+00:00","dateModified":"2025-10-28T12:31:38+00:00","description":"Treballa amb nosaltres. Entra al nostre proc\u00e9s de selecci\u00f3 i forma part de la borsa de treball d'Activatic. Envia'ns el teu CV.","breadcrumb":{"@id":"https:\/\/activatic.es\/ca\/treballa-amb-nosaltres\/#breadcrumb"},"inLanguage":"ca","potentialAction":[{"@type":"ReadAction","target":["https:\/\/activatic.es\/ca\/treballa-amb-nosaltres\/"]}]},{"@type":"ImageObject","inLanguage":"ca","@id":"https:\/\/activatic.es\/ca\/treballa-amb-nosaltres\/#primaryimage","url":"https:\/\/activatic.es\/wp-content\/uploads\/2025\/02\/Diseno-sin-titulo-25.jpg","contentUrl":"https:\/\/activatic.es\/wp-content\/uploads\/2025\/02\/Diseno-sin-titulo-25.jpg","width":1080,"height":1080},{"@type":"BreadcrumbList","@id":"https:\/\/activatic.es\/ca\/treballa-amb-nosaltres\/#breadcrumb","itemListElement":[{"@type":"ListItem","position":1,"name":"Home","item":"https:\/\/activatic.es\/ca\/inici\/"},{"@type":"ListItem","position":2,"name":"Treballa amb nosaltres"}]},{"@type":"WebSite","@id":"https:\/\/activatic.es\/ca\/#website","url":"https:\/\/activatic.es\/ca\/","name":"Activatic","description":"Academia de refor\u00e7 Tarragona","potentialAction":[{"@type":"SearchAction","target":{"@type":"EntryPoint","urlTemplate":"https:\/\/activatic.es\/ca\/?s={search_term_string}"},"query-input":{"@type":"PropertyValueSpecification","valueRequired":true,"valueName":"search_term_string"}}],"inLanguage":"ca"}]}},"_links":{"self":[{"href":"https:\/\/activatic.es\/ca\/wp-json\/wp\/v2\/pages\/12540","targetHints":{"allow":["GET"]}}],"collection":[{"href":"https:\/\/activatic.es\/ca\/wp-json\/wp\/v2\/pages"}],"about":[{"href":"https:\/\/activatic.es\/ca\/wp-json\/wp\/v2\/types\/page"}],"author":[{"embeddable":true,"href":"https:\/\/activatic.es\/ca\/wp-json\/wp\/v2\/users\/7"}],"replies":[{"embeddable":true,"href":"https:\/\/activatic.es\/ca\/wp-json\/wp\/v2\/comments?post=12540"}],"version-history":[{"count":2,"href":"https:\/\/activatic.es\/ca\/wp-json\/wp\/v2\/pages\/12540\/revisions"}],"predecessor-version":[{"id":13521,"href":"https:\/\/activatic.es\/ca\/wp-json\/wp\/v2\/pages\/12540\/revisions\/13521"}],"wp:featuredmedia":[{"embeddable":true,"href":"https:\/\/activatic.es\/ca\/wp-json\/wp\/v2\/media\/12921"}],"wp:attachment":[{"href":"https:\/\/activatic.es\/ca\/wp-json\/wp\/v2\/media?parent=12540"}],"curies":[{"name":"wp","href":"https:\/\/api.w.org\/{rel}","templated":true}]}}