{"id":12568,"date":"2022-02-28T12:26:09","date_gmt":"2022-02-28T12:26:09","guid":{"rendered":"https:\/\/activatic.es\/avis-legal\/"},"modified":"2025-02-12T20:47:10","modified_gmt":"2025-02-12T20:47:10","slug":"avis-legal","status":"publish","type":"page","link":"https:\/\/activatic.es\/ca\/avis-legal\/","title":{"rendered":"Av\u00eds legal"},"content":{"rendered":"\t\t<div data-elementor-type=\"wp-page\" data-elementor-id=\"12568\" class=\"elementor elementor-12568 elementor-9132\" data-elementor-post-type=\"page\">\n\t\t\t\t<div class=\"elementor-element elementor-element-2d74819d e-flex e-con-boxed e-con e-parent\" data-id=\"2d74819d\" data-element_type=\"container\" data-e-type=\"container\">\n\t\t\t\t\t<div class=\"e-con-inner\">\n\t\t\t\t<div class=\"elementor-element elementor-element-2b982540 elementor-widget elementor-widget-heading\" data-id=\"2b982540\" data-element_type=\"widget\" data-e-type=\"widget\" data-widget_type=\"heading.default\">\n\t\t\t\t<div class=\"elementor-widget-container\">\n\t\t\t\t\t<h2 class=\"elementor-heading-title elementor-size-default\">Av\u00eds Legal<\/h2>\t\t\t\t<\/div>\n\t\t\t\t<\/div>\n\t\t\t\t<div class=\"elementor-element elementor-element-6e8531f elementor-widget elementor-widget-text-editor\" data-id=\"6e8531f\" data-element_type=\"widget\" data-e-type=\"widget\" data-widget_type=\"text-editor.default\">\n\t\t\t\t<div class=\"elementor-widget-container\">\n\t\t\t\t\t\t\t\t\t<p>Condicions legals web. FOR 2018\\103 <\/p>\n<p>INFORMACI\u00d3 LEGAL<\/p>\n<p>Tal com exigeix \u200b\u200bla Llei 34\/2002, d&#8217;11 de juliol, de Serveis de la Societat de la Informaci\u00f3 i de Comer\u00e7 Electr\u00f2nic, posem en el seu coneixement les dades identificatives seg\u00fcents del prestador de serveis a trav\u00e9s del lloc web www.activatic. es<\/p>\n<p>ACTIVATIC INVEST SL, amb CIF B06954564<br \/> \u2022 Domicili social: c\/Rovira i virgili, 40 baixos, 43002 Tarragona<br \/> \u2022 Correu electr\u00f2nic: tarragona@activatic.es<br \/> \u2022 Tel\u00e8fons: +34 681 934 914<\/p>\n<p>CONDICIONS GENERALS D&#8217;\u00daS<\/p>\n<p>L&#8217;acc\u00e9s a www.activatic.es implica l&#8217;acceptaci\u00f3 de les normes d&#8217;utilitzaci\u00f3 que estableix aquesta adre\u00e7a electr\u00f2nica, adaptades a la normativa vigent a Espanya, i que es mostren amb total transpar\u00e8ncia.<\/p>\n<p>PROPIETAT INTEL\u00b7LECTUAL<\/p>\n<p>Hem d&#8217;informar-li, a m\u00e9s, que la titularitat dels drets de propietat intel\u00b7lectual de tots els continguts, inclosos els recursos gr\u00e0fics i les fotografies contingudes al lloc web www.activatic.es, l&#8217;ostenta i mant\u00e9 en tot moment ACTIVATIC INVEST SL i, a els autors, que han transm\u00e8s els drets d&#8217;explotaci\u00f3 comercial. L&#8217;usuari reconeix que la reproducci\u00f3, la comercialitzaci\u00f3, la comunicaci\u00f3 p\u00fablica, la distribuci\u00f3 o la transformaci\u00f3 no autoritzades d&#8217;aquestes obres, excepte per a \u00fas personal i privat, constitueix una infracci\u00f3 dels drets de propietat intel\u00b7lectual sancionable de conformitat amb la legislaci\u00f3 vigent. <\/p>\n<p>En aquest sentit, us indiquem que prohibim expressament qualsevol tipus de distribuci\u00f3 comercial de les dades, imatges i recursos gr\u00e0fics obtinguts en aquest lloc web sense la pr\u00e8via autoritzaci\u00f3 expressa, i per escrit, d&#8217;ACTIVATIC INVEST SL<\/p>\n<p>Condicions legals web. FOR 2018\\103 <\/p>\n<p>INFORMACI\u00d3 LEGAL<\/p>\n<p>Tal com exigeix \u200b\u200bla Llei 34\/2002, d&#8217;11 de juliol, de Serveis de la Societat de la Informaci\u00f3 i de Comer\u00e7 Electr\u00f2nic, posem en el seu coneixement les dades identificatives seg\u00fcents del prestador de serveis a trav\u00e9s del lloc web www.activatic. es<\/p>\n<p>ACTIVATIC INVEST SL, amb CIF B06954564<br \/> \u2022 Domicili social: c\/Rovira i virgili, 40 baixos, 43002 Tarragona<br \/> \u2022 Correu electr\u00f2nic: tarragona@activatic.es<br \/> \u2022 Tel\u00e8fons: +34 681 934 914<\/p>\n<p>CONDICIONS GENERALS D&#8217;\u00daS<\/p>\n<p>L&#8217;acc\u00e9s a www.activatic.es implica l&#8217;acceptaci\u00f3 de les normes d&#8217;utilitzaci\u00f3 que estableix aquesta adre\u00e7a electr\u00f2nica, adaptades a la normativa vigent a Espanya, i que es mostren amb total transpar\u00e8ncia.<\/p>\n<p>PROPIETAT INTEL\u00b7LECTUAL<\/p>\n<p>Hem d&#8217;informar-li, a m\u00e9s, que la titularitat dels drets de propietat intel\u00b7lectual de tots els continguts, inclosos els recursos gr\u00e0fics i les fotografies contingudes al lloc web www.activatic.es, l&#8217;ostenta i mant\u00e9 en tot moment ACTIVATIC INVEST SL i, a els autors, que han transm\u00e8s els drets d&#8217;explotaci\u00f3 comercial. L&#8217;usuari reconeix que la reproducci\u00f3, la comercialitzaci\u00f3, la comunicaci\u00f3 p\u00fablica, la distribuci\u00f3 o la transformaci\u00f3 no autoritzades d&#8217;aquestes obres, excepte per a \u00fas personal i privat, constitueix una infracci\u00f3 dels drets de propietat intel\u00b7lectual sancionable de conformitat amb la legislaci\u00f3 vigent. <\/p>\n<p>INSTAL\u00b7LACI\u00d3 DE COOKIES<\/p>\n<p>www.activatic.es instal\u00b7la \u201ccookies\u201d a l&#8217;equip de l&#8217;usuari previ consentiment expr\u00e9s del mateix. Per aix\u00f2, pr\u00e8viament a la vostra instal\u00b7laci\u00f3 es requerir\u00e0 mitjan\u00e7ant una finestra emergent el vostre consentiment. <\/p>\n<p>L&#8217;usuari ha de tenir en compte que si opteu per bloquejar la instal\u00b7laci\u00f3 de cookies \u00e9s possible que es vegi redu\u00efda l&#8217;operativitat del lloc web.<\/p>\n<p>Les cookies guarden informaci\u00f3, de forma an\u00f2nima, referent a les pantalles visitades pels usuaris, el temps de perman\u00e8ncia al lloc web, aix\u00ed com sobre desc\u00e0rregues efectuades, normalment a efectes estad\u00edstics, permetent elaborar millores en els serveis prestats i dur a terme tasques b\u00e0siques dadministraci\u00f3.<\/p>\n<p>LLEI APLICABLE I JURISDICCI\u00d3<\/p>\n<p>Finalment, us indiquem que per a totes aquelles q\u00fcestions que poguessin suscitar-se amb motiu de la interpretaci\u00f3, execuci\u00f3 o eventual incompliment de les presents condicions d&#8217;utilitzaci\u00f3, els intervinents, amb ren\u00fancia al seu fur propi ens sotmetem expressament a la compet\u00e8ncia i jurisdicci\u00f3 dels jutjats i tribunals de Barcelona (Espanya). Aquestes condicions es regeixen, en tot cas, per la legislaci\u00f3 espanyola. <\/p>\n\t\t\t\t\t\t\t\t<\/div>\n\t\t\t\t<\/div>\n\t\t\t\t\t<\/div>\n\t\t\t\t<\/div>\n\t\t\t\t<\/div>\n\t\t","protected":false},"excerpt":{"rendered":"<p>Av\u00eds Legal Condicions legals web. FOR 2018103 INFORMACI\u00d3 LEGAL Tal com exigeix \u200b\u200bla Llei 34\/2002, d&#8217;11 de juliol, de Serveis de la Societat de la Informaci\u00f3 i de Comer\u00e7 Electr\u00f2nic, posem en el seu coneixement les dades identificatives seg\u00fcents del prestador de serveis a trav\u00e9s del lloc web www.activatic. es ACTIVATIC INVEST SL, amb CIF [&hellip;]<\/p>\n","protected":false},"author":7,"featured_media":12921,"parent":0,"menu_order":0,"comment_status":"closed","ping_status":"closed","template":"elementor_header_footer","meta":{"footnotes":""},"class_list":["post-12568","page","type-page","status-publish","has-post-thumbnail","hentry"],"yoast_head":"<!-- This site is optimized with the Yoast SEO plugin v27.3 - https:\/\/yoast.com\/product\/yoast-seo-wordpress\/ -->\n<title>Av\u00eds legal - Activatic<\/title>\n<meta name=\"description\" content=\"Av\u00eds Legal. Condicions legals web. L\u00edders en refor\u00e7 escolar i ensenyament d&#039;idiomes a la prov\u00edncia de Tarragona.\" \/>\n<meta name=\"robots\" content=\"noindex, nofollow\" \/>\n<meta property=\"og:locale\" content=\"ca_ES\" \/>\n<meta property=\"og:type\" content=\"article\" \/>\n<meta property=\"og:title\" content=\"Av\u00eds legal - Activatic\" \/>\n<meta property=\"og:description\" content=\"Av\u00eds Legal. Condicions legals web. L\u00edders en refor\u00e7 escolar i ensenyament d&#039;idiomes a la prov\u00edncia de Tarragona.\" \/>\n<meta property=\"og:url\" content=\"https:\/\/activatic.es\/ca\/avis-legal\/\" \/>\n<meta property=\"og:site_name\" content=\"Activatic\" \/>\n<meta property=\"article:publisher\" content=\"https:\/\/www.facebook.com\/activatictarragona\/\" \/>\n<meta property=\"article:modified_time\" content=\"2025-02-12T20:47:10+00:00\" \/>\n<meta property=\"og:image\" content=\"https:\/\/activatic.es\/wp-content\/uploads\/2025\/02\/Diseno-sin-titulo-25.jpg\" \/>\n\t<meta property=\"og:image:width\" content=\"1080\" \/>\n\t<meta property=\"og:image:height\" content=\"1080\" \/>\n\t<meta property=\"og:image:type\" content=\"image\/jpeg\" \/>\n<meta name=\"twitter:card\" content=\"summary_large_image\" \/>\n<meta name=\"twitter:label1\" content=\"Temps estimat de lectura\" \/>\n\t<meta name=\"twitter:data1\" content=\"3 minuts\" \/>\n<script type=\"application\/ld+json\" class=\"yoast-schema-graph\">{\"@context\":\"https:\\\/\\\/schema.org\",\"@graph\":[{\"@type\":\"WebPage\",\"@id\":\"https:\\\/\\\/activatic.es\\\/ca\\\/avis-legal\\\/\",\"url\":\"https:\\\/\\\/activatic.es\\\/ca\\\/avis-legal\\\/\",\"name\":\"Av\u00eds legal - Activatic\",\"isPartOf\":{\"@id\":\"https:\\\/\\\/activatic.es\\\/ca\\\/#website\"},\"primaryImageOfPage\":{\"@id\":\"https:\\\/\\\/activatic.es\\\/ca\\\/avis-legal\\\/#primaryimage\"},\"image\":{\"@id\":\"https:\\\/\\\/activatic.es\\\/ca\\\/avis-legal\\\/#primaryimage\"},\"thumbnailUrl\":\"https:\\\/\\\/activatic.es\\\/wp-content\\\/uploads\\\/2025\\\/02\\\/Diseno-sin-titulo-25.jpg\",\"datePublished\":\"2022-02-28T12:26:09+00:00\",\"dateModified\":\"2025-02-12T20:47:10+00:00\",\"description\":\"Av\u00eds Legal. Condicions legals web. L\u00edders en refor\u00e7 escolar i ensenyament d'idiomes a la prov\u00edncia de Tarragona.\",\"breadcrumb\":{\"@id\":\"https:\\\/\\\/activatic.es\\\/ca\\\/avis-legal\\\/#breadcrumb\"},\"inLanguage\":\"ca\",\"potentialAction\":[{\"@type\":\"ReadAction\",\"target\":[\"https:\\\/\\\/activatic.es\\\/ca\\\/avis-legal\\\/\"]}]},{\"@type\":\"ImageObject\",\"inLanguage\":\"ca\",\"@id\":\"https:\\\/\\\/activatic.es\\\/ca\\\/avis-legal\\\/#primaryimage\",\"url\":\"https:\\\/\\\/activatic.es\\\/wp-content\\\/uploads\\\/2025\\\/02\\\/Diseno-sin-titulo-25.jpg\",\"contentUrl\":\"https:\\\/\\\/activatic.es\\\/wp-content\\\/uploads\\\/2025\\\/02\\\/Diseno-sin-titulo-25.jpg\",\"width\":1080,\"height\":1080},{\"@type\":\"BreadcrumbList\",\"@id\":\"https:\\\/\\\/activatic.es\\\/ca\\\/avis-legal\\\/#breadcrumb\",\"itemListElement\":[{\"@type\":\"ListItem\",\"position\":1,\"name\":\"Home\",\"item\":\"https:\\\/\\\/activatic.es\\\/ca\\\/inici\\\/\"},{\"@type\":\"ListItem\",\"position\":2,\"name\":\"Av\u00eds legal\"}]},{\"@type\":\"WebSite\",\"@id\":\"https:\\\/\\\/activatic.es\\\/ca\\\/#website\",\"url\":\"https:\\\/\\\/activatic.es\\\/ca\\\/\",\"name\":\"Activatic\",\"description\":\"Academia de refor\u00e7 Tarragona\",\"potentialAction\":[{\"@type\":\"SearchAction\",\"target\":{\"@type\":\"EntryPoint\",\"urlTemplate\":\"https:\\\/\\\/activatic.es\\\/ca\\\/?s={search_term_string}\"},\"query-input\":{\"@type\":\"PropertyValueSpecification\",\"valueRequired\":true,\"valueName\":\"search_term_string\"}}],\"inLanguage\":\"ca\"}]}<\/script>\n<!-- \/ Yoast SEO plugin. -->","yoast_head_json":{"title":"Av\u00eds legal - Activatic","description":"Av\u00eds Legal. Condicions legals web. L\u00edders en refor\u00e7 escolar i ensenyament d'idiomes a la prov\u00edncia de Tarragona.","robots":{"index":"noindex","follow":"nofollow"},"og_locale":"ca_ES","og_type":"article","og_title":"Av\u00eds legal - Activatic","og_description":"Av\u00eds Legal. Condicions legals web. L\u00edders en refor\u00e7 escolar i ensenyament d'idiomes a la prov\u00edncia de Tarragona.","og_url":"https:\/\/activatic.es\/ca\/avis-legal\/","og_site_name":"Activatic","article_publisher":"https:\/\/www.facebook.com\/activatictarragona\/","article_modified_time":"2025-02-12T20:47:10+00:00","og_image":[{"width":1080,"height":1080,"url":"https:\/\/activatic.es\/wp-content\/uploads\/2025\/02\/Diseno-sin-titulo-25.jpg","type":"image\/jpeg"}],"twitter_card":"summary_large_image","twitter_misc":{"Temps estimat de lectura":"3 minuts"},"schema":{"@context":"https:\/\/schema.org","@graph":[{"@type":"WebPage","@id":"https:\/\/activatic.es\/ca\/avis-legal\/","url":"https:\/\/activatic.es\/ca\/avis-legal\/","name":"Av\u00eds legal - Activatic","isPartOf":{"@id":"https:\/\/activatic.es\/ca\/#website"},"primaryImageOfPage":{"@id":"https:\/\/activatic.es\/ca\/avis-legal\/#primaryimage"},"image":{"@id":"https:\/\/activatic.es\/ca\/avis-legal\/#primaryimage"},"thumbnailUrl":"https:\/\/activatic.es\/wp-content\/uploads\/2025\/02\/Diseno-sin-titulo-25.jpg","datePublished":"2022-02-28T12:26:09+00:00","dateModified":"2025-02-12T20:47:10+00:00","description":"Av\u00eds Legal. Condicions legals web. L\u00edders en refor\u00e7 escolar i ensenyament d'idiomes a la prov\u00edncia de Tarragona.","breadcrumb":{"@id":"https:\/\/activatic.es\/ca\/avis-legal\/#breadcrumb"},"inLanguage":"ca","potentialAction":[{"@type":"ReadAction","target":["https:\/\/activatic.es\/ca\/avis-legal\/"]}]},{"@type":"ImageObject","inLanguage":"ca","@id":"https:\/\/activatic.es\/ca\/avis-legal\/#primaryimage","url":"https:\/\/activatic.es\/wp-content\/uploads\/2025\/02\/Diseno-sin-titulo-25.jpg","contentUrl":"https:\/\/activatic.es\/wp-content\/uploads\/2025\/02\/Diseno-sin-titulo-25.jpg","width":1080,"height":1080},{"@type":"BreadcrumbList","@id":"https:\/\/activatic.es\/ca\/avis-legal\/#breadcrumb","itemListElement":[{"@type":"ListItem","position":1,"name":"Home","item":"https:\/\/activatic.es\/ca\/inici\/"},{"@type":"ListItem","position":2,"name":"Av\u00eds legal"}]},{"@type":"WebSite","@id":"https:\/\/activatic.es\/ca\/#website","url":"https:\/\/activatic.es\/ca\/","name":"Activatic","description":"Academia de refor\u00e7 Tarragona","potentialAction":[{"@type":"SearchAction","target":{"@type":"EntryPoint","urlTemplate":"https:\/\/activatic.es\/ca\/?s={search_term_string}"},"query-input":{"@type":"PropertyValueSpecification","valueRequired":true,"valueName":"search_term_string"}}],"inLanguage":"ca"}]}},"_links":{"self":[{"href":"https:\/\/activatic.es\/ca\/wp-json\/wp\/v2\/pages\/12568","targetHints":{"allow":["GET"]}}],"collection":[{"href":"https:\/\/activatic.es\/ca\/wp-json\/wp\/v2\/pages"}],"about":[{"href":"https:\/\/activatic.es\/ca\/wp-json\/wp\/v2\/types\/page"}],"author":[{"embeddable":true,"href":"https:\/\/activatic.es\/ca\/wp-json\/wp\/v2\/users\/7"}],"replies":[{"embeddable":true,"href":"https:\/\/activatic.es\/ca\/wp-json\/wp\/v2\/comments?post=12568"}],"version-history":[{"count":0,"href":"https:\/\/activatic.es\/ca\/wp-json\/wp\/v2\/pages\/12568\/revisions"}],"wp:featuredmedia":[{"embeddable":true,"href":"https:\/\/activatic.es\/ca\/wp-json\/wp\/v2\/media\/12921"}],"wp:attachment":[{"href":"https:\/\/activatic.es\/ca\/wp-json\/wp\/v2\/media?parent=12568"}],"curies":[{"name":"wp","href":"https:\/\/api.w.org\/{rel}","templated":true}]}}