{"id":12577,"date":"2020-06-09T12:37:59","date_gmt":"2020-06-09T12:37:59","guid":{"rendered":"https:\/\/activatic.es\/politica-de-cookies\/"},"modified":"2025-01-07T11:44:16","modified_gmt":"2025-01-07T11:44:16","slug":"politica-de-cookies","status":"publish","type":"page","link":"https:\/\/activatic.es\/ca\/politica-de-cookies\/","title":{"rendered":"Pol\u00edtica de cookies"},"content":{"rendered":"\t\t<div data-elementor-type=\"wp-page\" data-elementor-id=\"12577\" class=\"elementor elementor-12577 elementor-2234\" data-elementor-post-type=\"page\">\n\t\t\t\t<div class=\"elementor-element elementor-element-80f7f0b e-flex e-con-boxed e-con e-parent\" data-id=\"80f7f0b\" data-element_type=\"container\" data-e-type=\"container\">\n\t\t\t\t\t<div class=\"e-con-inner\">\n\t\t\t\t<div class=\"elementor-element elementor-element-272c92b elementor-widget elementor-widget-heading\" data-id=\"272c92b\" data-element_type=\"widget\" data-e-type=\"widget\" data-widget_type=\"heading.default\">\n\t\t\t\t<div class=\"elementor-widget-container\">\n\t\t\t\t\t<h2 class=\"elementor-heading-title elementor-size-default\">Pol\u00edtica de cookies<\/h2>\t\t\t\t<\/div>\n\t\t\t\t<\/div>\n\t\t\t\t<div class=\"elementor-element elementor-element-d84990f elementor-widget elementor-widget-text-editor\" data-id=\"d84990f\" data-element_type=\"widget\" data-e-type=\"widget\" data-widget_type=\"text-editor.default\">\n\t\t\t\t<div class=\"elementor-widget-container\">\n\t\t\t\t\t\t\t\t\t<p><strong>Informaci\u00f3 sobre cookies a la p\u00e0gina web.  <\/strong>FOR 2018\\104<\/p>\n<p>A ACTIVATIC INVEST SL utilitzem cookies amb l&#8217;objectiu de prestar un millor servei i proporcionar-vos una millor experi\u00e8ncia en la vostra navegaci\u00f3. Volem informar-ho de manera clara i precisa sobre les galetes que utilitzem, detallant a continuaci\u00f3, que \u00e9s una galeta, perqu\u00e8 serveix, quins tipus de galetes utilitzem, quins s\u00f3n la seva finalitat i com els pot configurar o deshabilitar si aix\u00ed ho desitja. <\/p>\n<p>QU\u00c8 S\u00d3N LES COOKIES I PER A QU\u00c8 SERVEIXEN?<\/p>\n<p>Una galeta \u00e9s un petit fitxer de text que un lloc web desa al vostre ordinador o dispositiu m\u00f2bil quan visiteu el lloc. Les cookies s&#8217;utilitzen molt sovint perqu\u00e8 els llocs web funcionin, o perqu\u00e8 funcionin millor, aix\u00ed com per facilitar informaci\u00f3 als propietaris del lloc. Una galeta no identifica una persona, sin\u00f3 una combinaci\u00f3 de dispositiu-navegador-usuari, i aquesta informaci\u00f3 \u00e9s an\u00f2nima i xifrada, en el nostre cas.  <\/p>\n<p>Mitjan\u00e7ant l&#8217;\u00fas de les galetes \u00e9s possible que el servidor on es troba la web reconegui el navegador web utilitzat per l&#8217;usuari amb la finalitat que la navegaci\u00f3 sigui m\u00e9s senzilla, permetent, per exemple, l&#8217;acc\u00e9s als usuaris que s&#8217;hagin registrat pr\u00e8viament , accedir a les \u00e0rees i serveis reservats exclusivament a ells sense haver de registrar-se a cada visita. S&#8217;utilitzen tamb\u00e9 per mesurar l&#8217;audi\u00e8ncia i els par\u00e0metres del tr\u00e0nsit, controlar el progres i el nom de visites, etc. <\/p>\n<p>Les cookies poden ser esborrades, acceptades o bloquejades segons vulgueu, per aix\u00f2 nom\u00e9s heu de configurar convenientment el navegador web com us expliquem m\u00e9s endavant.<\/p>\n<p>Les galetes utilitzades en aquest lloc web tenen, en tot cas, car\u00e0cter temporal amb l&#8217;\u00fanica finalitat de fer m\u00e9s efica\u00e7 la vostra navegaci\u00f3.<\/p>\n<p>En cap cas no s&#8217;utilitzen per recollir informaci\u00f3 de car\u00e0cter personal.<\/p>\n<p>COOKIES UTILITZADES EN ESTA P\u00c0GINA<\/p>\n<p>Cookies de sessi\u00f3, per garantir que els usuaris que escriguin comentaris al bloc siguin humans i no aplicacions automatitzades. D&#8217;aquesta manera \u00e9s combat el correu brossa. <\/p>\n<p>Xarxes socials: Cada xarxa social utilitza les vostres galetes perqu\u00e8 pugueu punxar en botons del tipus M&#8217;agrada o Compartir.<\/p>\n<p>Google Analytics: Emmagatzema galetes per poder elaborar estad\u00edstiques sobre el tr\u00e0nsit i el volum de visites d&#8217;aquesta web. En utilitzar aquest lloc web est\u00e0 consentint el tractament dinformaci\u00f3 sobre vost\u00e8 per Google. Per tant, l&#8217;exercici de qualsevol dret en aquest sentit ho haur\u00e0 de fer comunicant directament amb Google. Prop\u00f2sit: Emmagatzema l&#8217;acceptaci\u00f3 de la pol\u00edtica de galetes de la p\u00e0gina per part de l&#8217;usuari.   <\/p>\n<p>. Pol\u00edtica de privadesa de Google Complement d&#8217;inhabilitaci\u00f3 de Google Analytics <\/p>\n<p>DESACTIVACI\u00d3 I ELIMINACI\u00d3 DE COOKIES<\/p>\n<p>Per desactivar les cookies, l&#8217;usuari podr\u00e0, en qualsevol moment, triar quines voleu que funcionin en aquest lloc web mitjan\u00e7ant:<\/p>\n<p>la configuraci\u00f3 del navegador;<\/p>\n<p>o Firefox, des de http:\/\/support.mozilla.org\/es\/kb\/habilitar-y-deshabilitar-cookies-que-los-sitios-web<\/p>\n<p>o Chrome, des de http:\/\/support.google.com\/chrome\/bin\/answer.py?hl=es&amp;answer=95647<\/p>\n<p>o Explorer, des de https:\/\/support.microsoft.com\/es-es\/help\/17442\/windows-internet-explorer-delete-manage-cookies<\/p>\n<p>o Safari, des de http:\/\/support.apple.com\/kb\/ph5042<\/p>\n<p>els sistemes d&#8217;opt-out espec\u00edfics indicats a la taula anterior respecte de la galeta de qu\u00e8 es tracti (aquests sistemes poden comportar que s&#8217;instal\u00b7li al seu equip una galeta &#8220;de rebuig&#8221; perqu\u00e8 funcioni la seva elecci\u00f3 de desactivaci\u00f3)<br \/> altres eines de tercers, disponibles on line, que permetin als usuaris detectar les galetes a cada lloc web que visita i gestionar la seva desactivaci\u00f3 (per exemple, Ghostery: https:\/\/www.ghostery.com\/our-solutions\/ghostery-privacy \/for-your-ads\/, https:\/\/www.ghostery.com\/support\/faq\/).<\/p>\n<p>CONSENTIMENT  <\/p>\n<p>La utilitzaci\u00f3 de la present p\u00e0gina web per part seva implica que vost\u00e8 presta el seu consentiment expr\u00e9s i inequ\u00edvoc a la utilitzaci\u00f3 de cookies, en els termes i condicions previstos en aquesta Pol\u00edtica de Cookies, sense perjudici de les mesures de desactivaci\u00f3 i eliminaci\u00f3 de les cookies que vost\u00e8 pugui adoptar, i que s&#8217;esmenten a l&#8217;apartat anterior.<\/p>\n\t\t\t\t\t\t\t\t<\/div>\n\t\t\t\t<\/div>\n\t\t\t\t\t<\/div>\n\t\t\t\t<\/div>\n\t\t\t\t<\/div>\n\t\t","protected":false},"excerpt":{"rendered":"<p>Pol\u00edtica de cookies Informaci\u00f3 sobre cookies a la p\u00e0gina web. FOR 2018104 A ACTIVATIC INVEST SL utilitzem cookies amb l&#8217;objectiu de prestar un millor servei i proporcionar-vos una millor experi\u00e8ncia en la vostra navegaci\u00f3. Volem informar-ho de manera clara i precisa sobre les galetes que utilitzem, detallant a continuaci\u00f3, que \u00e9s una galeta, perqu\u00e8 serveix, [&hellip;]<\/p>\n","protected":false},"author":7,"featured_media":0,"parent":0,"menu_order":0,"comment_status":"closed","ping_status":"closed","template":"elementor_header_footer","meta":{"footnotes":""},"class_list":["post-12577","page","type-page","status-publish","hentry"],"yoast_head":"<!-- This site is optimized with the Yoast SEO plugin v27.3 - https:\/\/yoast.com\/product\/yoast-seo-wordpress\/ -->\n<title>Pol\u00edtica de cookies - Activatic<\/title>\n<meta name=\"robots\" content=\"noindex, nofollow\" \/>\n<meta property=\"og:locale\" content=\"ca_ES\" \/>\n<meta property=\"og:type\" content=\"article\" \/>\n<meta property=\"og:title\" content=\"Pol\u00edtica de cookies - Activatic\" \/>\n<meta property=\"og:description\" content=\"Pol\u00edtica de cookies Informaci\u00f3 sobre cookies a la p\u00e0gina web. FOR 2018104 A ACTIVATIC INVEST SL utilitzem cookies amb l&#8217;objectiu de prestar un millor servei i proporcionar-vos una millor experi\u00e8ncia en la vostra navegaci\u00f3. Volem informar-ho de manera clara i precisa sobre les galetes que utilitzem, detallant a continuaci\u00f3, que \u00e9s una galeta, perqu\u00e8 serveix, [&hellip;]\" \/>\n<meta property=\"og:url\" content=\"https:\/\/activatic.es\/ca\/politica-de-cookies\/\" \/>\n<meta property=\"og:site_name\" content=\"Activatic\" \/>\n<meta property=\"article:publisher\" content=\"https:\/\/www.facebook.com\/activatictarragona\/\" \/>\n<meta property=\"article:modified_time\" content=\"2025-01-07T11:44:16+00:00\" \/>\n<meta name=\"twitter:card\" content=\"summary_large_image\" \/>\n<meta name=\"twitter:label1\" content=\"Temps estimat de lectura\" \/>\n\t<meta name=\"twitter:data1\" content=\"3 minuts\" \/>\n<script type=\"application\/ld+json\" class=\"yoast-schema-graph\">{\"@context\":\"https:\\\/\\\/schema.org\",\"@graph\":[{\"@type\":\"WebPage\",\"@id\":\"https:\\\/\\\/activatic.es\\\/ca\\\/politica-de-cookies\\\/\",\"url\":\"https:\\\/\\\/activatic.es\\\/ca\\\/politica-de-cookies\\\/\",\"name\":\"Pol\u00edtica de cookies - Activatic\",\"isPartOf\":{\"@id\":\"https:\\\/\\\/activatic.es\\\/ca\\\/#website\"},\"datePublished\":\"2020-06-09T12:37:59+00:00\",\"dateModified\":\"2025-01-07T11:44:16+00:00\",\"breadcrumb\":{\"@id\":\"https:\\\/\\\/activatic.es\\\/ca\\\/politica-de-cookies\\\/#breadcrumb\"},\"inLanguage\":\"ca\",\"potentialAction\":[{\"@type\":\"ReadAction\",\"target\":[\"https:\\\/\\\/activatic.es\\\/ca\\\/politica-de-cookies\\\/\"]}]},{\"@type\":\"BreadcrumbList\",\"@id\":\"https:\\\/\\\/activatic.es\\\/ca\\\/politica-de-cookies\\\/#breadcrumb\",\"itemListElement\":[{\"@type\":\"ListItem\",\"position\":1,\"name\":\"Home\",\"item\":\"https:\\\/\\\/activatic.es\\\/ca\\\/inici\\\/\"},{\"@type\":\"ListItem\",\"position\":2,\"name\":\"Pol\u00edtica de cookies\"}]},{\"@type\":\"WebSite\",\"@id\":\"https:\\\/\\\/activatic.es\\\/ca\\\/#website\",\"url\":\"https:\\\/\\\/activatic.es\\\/ca\\\/\",\"name\":\"Activatic\",\"description\":\"Academia de refor\u00e7 Tarragona\",\"potentialAction\":[{\"@type\":\"SearchAction\",\"target\":{\"@type\":\"EntryPoint\",\"urlTemplate\":\"https:\\\/\\\/activatic.es\\\/ca\\\/?s={search_term_string}\"},\"query-input\":{\"@type\":\"PropertyValueSpecification\",\"valueRequired\":true,\"valueName\":\"search_term_string\"}}],\"inLanguage\":\"ca\"}]}<\/script>\n<!-- \/ Yoast SEO plugin. -->","yoast_head_json":{"title":"Pol\u00edtica de cookies - Activatic","robots":{"index":"noindex","follow":"nofollow"},"og_locale":"ca_ES","og_type":"article","og_title":"Pol\u00edtica de cookies - Activatic","og_description":"Pol\u00edtica de cookies Informaci\u00f3 sobre cookies a la p\u00e0gina web. FOR 2018104 A ACTIVATIC INVEST SL utilitzem cookies amb l&#8217;objectiu de prestar un millor servei i proporcionar-vos una millor experi\u00e8ncia en la vostra navegaci\u00f3. Volem informar-ho de manera clara i precisa sobre les galetes que utilitzem, detallant a continuaci\u00f3, que \u00e9s una galeta, perqu\u00e8 serveix, [&hellip;]","og_url":"https:\/\/activatic.es\/ca\/politica-de-cookies\/","og_site_name":"Activatic","article_publisher":"https:\/\/www.facebook.com\/activatictarragona\/","article_modified_time":"2025-01-07T11:44:16+00:00","twitter_card":"summary_large_image","twitter_misc":{"Temps estimat de lectura":"3 minuts"},"schema":{"@context":"https:\/\/schema.org","@graph":[{"@type":"WebPage","@id":"https:\/\/activatic.es\/ca\/politica-de-cookies\/","url":"https:\/\/activatic.es\/ca\/politica-de-cookies\/","name":"Pol\u00edtica de cookies - Activatic","isPartOf":{"@id":"https:\/\/activatic.es\/ca\/#website"},"datePublished":"2020-06-09T12:37:59+00:00","dateModified":"2025-01-07T11:44:16+00:00","breadcrumb":{"@id":"https:\/\/activatic.es\/ca\/politica-de-cookies\/#breadcrumb"},"inLanguage":"ca","potentialAction":[{"@type":"ReadAction","target":["https:\/\/activatic.es\/ca\/politica-de-cookies\/"]}]},{"@type":"BreadcrumbList","@id":"https:\/\/activatic.es\/ca\/politica-de-cookies\/#breadcrumb","itemListElement":[{"@type":"ListItem","position":1,"name":"Home","item":"https:\/\/activatic.es\/ca\/inici\/"},{"@type":"ListItem","position":2,"name":"Pol\u00edtica de cookies"}]},{"@type":"WebSite","@id":"https:\/\/activatic.es\/ca\/#website","url":"https:\/\/activatic.es\/ca\/","name":"Activatic","description":"Academia de refor\u00e7 Tarragona","potentialAction":[{"@type":"SearchAction","target":{"@type":"EntryPoint","urlTemplate":"https:\/\/activatic.es\/ca\/?s={search_term_string}"},"query-input":{"@type":"PropertyValueSpecification","valueRequired":true,"valueName":"search_term_string"}}],"inLanguage":"ca"}]}},"_links":{"self":[{"href":"https:\/\/activatic.es\/ca\/wp-json\/wp\/v2\/pages\/12577","targetHints":{"allow":["GET"]}}],"collection":[{"href":"https:\/\/activatic.es\/ca\/wp-json\/wp\/v2\/pages"}],"about":[{"href":"https:\/\/activatic.es\/ca\/wp-json\/wp\/v2\/types\/page"}],"author":[{"embeddable":true,"href":"https:\/\/activatic.es\/ca\/wp-json\/wp\/v2\/users\/7"}],"replies":[{"embeddable":true,"href":"https:\/\/activatic.es\/ca\/wp-json\/wp\/v2\/comments?post=12577"}],"version-history":[{"count":0,"href":"https:\/\/activatic.es\/ca\/wp-json\/wp\/v2\/pages\/12577\/revisions"}],"wp:attachment":[{"href":"https:\/\/activatic.es\/ca\/wp-json\/wp\/v2\/media?parent=12577"}],"curies":[{"name":"wp","href":"https:\/\/api.w.org\/{rel}","templated":true}]}}